{"id":980,"date":"2025-01-16T09:50:30","date_gmt":"2025-01-16T08:50:30","guid":{"rendered":"https:\/\/odrasailing.pl\/?page_id=980"},"modified":"2026-02-03T21:13:23","modified_gmt":"2026-02-03T20:13:23","slug":"rejsy-srodladowe-i-morskie","status":"publish","type":"page","link":"https:\/\/odrasailing.pl\/?page_id=980","title":{"rendered":"Rejsy \u015br\u00f3dl\u0105dowe i morskie"},"content":{"rendered":"\n<p><\/p>\n\n\n\n<p><\/p>\n\n\n\n<div class=\"wp-block-media-text is-stacked-on-mobile\"><figure class=\"wp-block-media-text__media\"><img loading=\"lazy\" decoding=\"async\" width=\"461\" height=\"1024\" src=\"https:\/\/odrasailing.pl\/wp-content\/uploads\/2026\/02\/WhatsApp-Image-2025-09-25-at-18.25.11-461x1024.jpeg\" alt=\"\" class=\"wp-image-1207 size-full\" srcset=\"https:\/\/odrasailing.pl\/wp-content\/uploads\/2026\/02\/WhatsApp-Image-2025-09-25-at-18.25.11-461x1024.jpeg 461w, https:\/\/odrasailing.pl\/wp-content\/uploads\/2026\/02\/WhatsApp-Image-2025-09-25-at-18.25.11-135x300.jpeg 135w, https:\/\/odrasailing.pl\/wp-content\/uploads\/2026\/02\/WhatsApp-Image-2025-09-25-at-18.25.11-691x1536.jpeg 691w, https:\/\/odrasailing.pl\/wp-content\/uploads\/2026\/02\/WhatsApp-Image-2025-09-25-at-18.25.11.jpeg 720w\" sizes=\"auto, (max-width: 461px) 100vw, 461px\" \/><\/figure><div class=\"wp-block-media-text__content\">\n<p>Zapraszamy na niezapomniane rejsy \u015br\u00f3dl\u0105dowe i morskie, kt\u00f3re s\u0105 idealnym po\u0142\u0105czeniem przygody, relaksu i nauki \u017ceglarstwa. Oferujemy trasy dostosowane do r\u00f3\u017cnych poziom\u00f3w umiej\u0119tno\u015bci \u2013 od spokojnych rejs\u00f3w po jeziorach, po ekscytuj\u0105ce wyprawy na otwarte morze.<\/p>\n<\/div><\/div>\n\n\n\n<p><\/p>\n\n\n\n<p><\/p>\n\n\n\n<h4 class=\"wp-block-heading\"><strong>Nasza oferta:<\/strong><\/h4>\n\n\n\n<h5 class=\"wp-block-heading\"><strong>Rejsy \u015br\u00f3dl\u0105dowe:<\/strong><\/h5>\n\n\n\n<ol class=\"wp-block-list\">\n<li><strong>Mazury \u2013 Kraina Tysi\u0105ca Jezior<\/strong>\n<ul class=\"wp-block-list\">\n<li>Malownicze trasy w\u015br\u00f3d spokojnych jezior, otoczonych zieleni\u0105.<\/li>\n\n\n\n<li>Idealne dla rodzin, grup przyjaci\u00f3\u0142 oraz pocz\u0105tkuj\u0105cych \u017ceglarzy.<\/li>\n\n\n\n<li>Mo\u017cliwo\u015b\u0107 zwiedzania port\u00f3w, lokalnych atrakcji i udzia\u0142u w ogniskach na brzegu.<\/li>\n<\/ul>\n<\/li>\n<\/ol>\n\n\n\n<h5 class=\"wp-block-heading\"><strong>Rejsy morskie:<\/strong><\/h5>\n\n\n\n<ol class=\"wp-block-list\">\n<li><strong>Ba\u0142tyk \u2013 Przygoda na polskim morzu<\/strong>\n<ul class=\"wp-block-list\">\n<li>Rejsy wzd\u0142u\u017c polskiego wybrze\u017ca, z postojami w popularnych portach, takich jak Gdynia, Hel czy \u015awinouj\u015bcie.<\/li>\n\n\n\n<li>Do\u015bwiadczenie \u017ceglugi na otwartym morzu, pod okiem wykwalifikowanych skipper\u00f3w.<\/li>\n<\/ul>\n<\/li>\n\n\n\n<li><strong>Zagraniczne wyprawy morskie<\/strong>\n<ul class=\"wp-block-list\">\n<li>Ekskluzywne rejsy w Chorwacji.<\/li>\n<\/ul>\n<\/li>\n<\/ol>\n\n\n\n<hr class=\"wp-block-separator has-alpha-channel-opacity\"\/>\n\n\n\n<h4 class=\"wp-block-heading\"><strong>Dla kogo?<\/strong><\/h4>\n\n\n\n<ul class=\"wp-block-list\">\n<li><strong>Pocz\u0105tkuj\u0105cy<\/strong>: Oferujemy szkolenia, kt\u00f3re wprowadz\u0105 Ci\u0119 w \u015bwiat \u017ceglarstwa.<\/li>\n\n\n\n<li><strong>Zaawansowani<\/strong>: Trasy dostosowane do Twojego do\u015bwiadczenia, w tym wyprawy na otwarte wody.<\/li>\n\n\n\n<li><strong>Rodziny i grupy przyjaci\u00f3\u0142<\/strong>: Rejsy pe\u0142ne integracji, relaksu i niezapomnianych wra\u017ce\u0144.<\/li>\n<\/ul>\n\n\n\n<hr class=\"wp-block-separator has-alpha-channel-opacity\"\/>\n\n\n\n<h4 class=\"wp-block-heading\"><strong>Co zyskujesz?<\/strong><\/h4>\n\n\n\n<ul class=\"wp-block-list\">\n<li><strong>Nauka i rozw\u00f3j<\/strong>: Zdobywasz nowe umiej\u0119tno\u015bci \u017ceglarskie i certyfikaty (np. patent \u017ceglarza).<\/li>\n\n\n\n<li><strong>Kontakt z natur\u0105<\/strong>: Podziwiasz pi\u0119kno w\u00f3d \u015br\u00f3dl\u0105dowych i morskich.<\/li>\n\n\n\n<li><strong>Wspomnienia na ca\u0142e \u017cycie<\/strong>: Czas sp\u0119dzony na jachcie to przygoda, kt\u00f3ra na d\u0142ugo zostaje w pami\u0119ci.<\/li>\n<\/ul>\n\n\n\n<hr class=\"wp-block-separator has-alpha-channel-opacity\"\/>\n\n\n\n<h4 class=\"wp-block-heading\"><strong>Jak wygl\u0105da rejs?<\/strong><\/h4>\n\n\n\n<ol class=\"wp-block-list\">\n<li><strong>Przygotowanie i szkolenie<\/strong>: Kr\u00f3tkie wprowadzenie dla uczestnik\u00f3w dotycz\u0105ce zasad \u017ceglowania i bezpiecze\u0144stwa.<\/li>\n\n\n\n<li><strong>Rejs<\/strong>: Podr\u00f3\u017c na jachcie pod okiem do\u015bwiadczonych skipper\u00f3w. Mo\u017cesz uczestniczy\u0107 w manewrach lub po prostu cieszy\u0107 si\u0119 relaksem.<\/li>\n\n\n\n<li><strong>Postoje<\/strong>: Zwiedzanie port\u00f3w, lokalnych atrakcji i relaks na brzegu.<\/li>\n\n\n\n<li><strong>Powr\u00f3t<\/strong>: Bezpieczne zako\u0144czenie rejsu z podsumowaniem prze\u017cy\u0107 i nauki.<\/li>\n<\/ol>\n\n\n\n<p><\/p>\n\n\n\n<div class=\"wp-block-buttons is-layout-flex wp-block-buttons-is-layout-flex\">\n<div class=\"wp-block-button\"><a class=\"wp-block-button__link has-white-color has-vivid-green-cyan-background-color has-text-color has-background has-link-color wp-element-button\" href=\"https:\/\/odrasailing.pl\/?page_id=858\" style=\"border-radius:0px\">Zapisz si\u0119 ju\u017c dzi\u015b<\/a><\/div>\n<\/div>\n\n\n\n<p><\/p>\n","protected":false},"excerpt":{"rendered":"<p>Zapraszamy na niezapomniane rejsy \u015br\u00f3dl\u0105dowe i morskie, kt\u00f3re s\u0105 idealnym po\u0142\u0105czeniem przygody, relaksu i nauki \u017ceglarstwa. Oferujemy trasy dostosowane do [&hellip;]<\/p>\n","protected":false},"author":1,"featured_media":1026,"parent":0,"menu_order":0,"comment_status":"closed","ping_status":"closed","template":"","meta":{"footnotes":""},"class_list":["post-980","page","type-page","status-publish","has-post-thumbnail","hentry"],"aioseo_notices":[],"_links":{"self":[{"href":"https:\/\/odrasailing.pl\/index.php?rest_route=\/wp\/v2\/pages\/980","targetHints":{"allow":["GET"]}}],"collection":[{"href":"https:\/\/odrasailing.pl\/index.php?rest_route=\/wp\/v2\/pages"}],"about":[{"href":"https:\/\/odrasailing.pl\/index.php?rest_route=\/wp\/v2\/types\/page"}],"author":[{"embeddable":true,"href":"https:\/\/odrasailing.pl\/index.php?rest_route=\/wp\/v2\/users\/1"}],"replies":[{"embeddable":true,"href":"https:\/\/odrasailing.pl\/index.php?rest_route=%2Fwp%2Fv2%2Fcomments&post=980"}],"version-history":[{"count":6,"href":"https:\/\/odrasailing.pl\/index.php?rest_route=\/wp\/v2\/pages\/980\/revisions"}],"predecessor-version":[{"id":1209,"href":"https:\/\/odrasailing.pl\/index.php?rest_route=\/wp\/v2\/pages\/980\/revisions\/1209"}],"wp:featuredmedia":[{"embeddable":true,"href":"https:\/\/odrasailing.pl\/index.php?rest_route=\/wp\/v2\/media\/1026"}],"wp:attachment":[{"href":"https:\/\/odrasailing.pl\/index.php?rest_route=%2Fwp%2Fv2%2Fmedia&parent=980"}],"curies":[{"name":"wp","href":"https:\/\/api.w.org\/{rel}","templated":true}]}}