{"id":860,"date":"2025-01-14T16:52:33","date_gmt":"2025-01-14T15:52:33","guid":{"rendered":"https:\/\/odrasailing.pl\/?page_id=860"},"modified":"2026-02-03T21:05:45","modified_gmt":"2026-02-03T20:05:45","slug":"o-nas-2","status":"publish","type":"page","link":"https:\/\/odrasailing.pl\/?page_id=860","title":{"rendered":"O nas"},"content":{"rendered":"\n<div class=\"wp-block-getwid-section alignfull alignfull getwid-section-content-custom-width\"><div class=\"wp-block-getwid-section__wrapper getwid-padding-left-medium getwid-padding-right-medium\" style=\"padding-top:80px;padding-bottom:0px\"><div class=\"wp-block-getwid-section__inner-wrapper\" style=\"max-width:1140px\"><div class=\"wp-block-getwid-section__background-holder\"><div class=\"wp-block-getwid-section__background\"><\/div><div class=\"wp-block-getwid-section__foreground\"><\/div><\/div><div class=\"wp-block-getwid-section__content\"><div class=\"wp-block-getwid-section__inner-content\">\n<div class=\"wp-block-columns is-layout-flex wp-container-core-columns-is-layout-9d6595d7 wp-block-columns-is-layout-flex\">\n<div class=\"wp-block-column is-layout-flow wp-block-column-is-layout-flow\" style=\"flex-basis:33.33%\">\n<figure class=\"wp-block-image size-full roundedimg\"><img loading=\"lazy\" decoding=\"async\" width=\"600\" height=\"800\" src=\"https:\/\/odrasailing.pl\/wp-content\/uploads\/2025\/01\/IMG_4523.jpg\" alt=\"\" class=\"wp-image-824\" srcset=\"https:\/\/odrasailing.pl\/wp-content\/uploads\/2025\/01\/IMG_4523.jpg 600w, https:\/\/odrasailing.pl\/wp-content\/uploads\/2025\/01\/IMG_4523-225x300.jpg 225w\" sizes=\"auto, (max-width: 600px) 100vw, 600px\" \/><\/figure>\n\n\n\n<div style=\"height:40px\" aria-hidden=\"true\" class=\"wp-block-spacer\"><\/div>\n<\/div>\n\n\n\n<div class=\"wp-block-column is-vertically-aligned-top is-layout-flow wp-block-column-is-layout-flow\" style=\"flex-basis:66.66%\">\n<div class=\"wp-block-getwid-advanced-heading\"><span class=\"wp-block-getwid-advanced-heading__content has-text-color\" style=\"color:#041686\"><strong>O nas<\/strong><\/span><\/div>\n\n\n\n<h2 class=\"wp-block-heading\">Kim jeste\u015bmy?<\/h2>\n\n\n\n<div style=\"height:40px\" aria-hidden=\"true\" class=\"wp-block-spacer\"><\/div>\n\n\n\n<p class=\"has-text-align-left\">Nasz klub to miejsce, gdzie pasja do \u017ceglarstwa \u0142\u0105czy ludzi o r\u00f3\u017cnym<br>do\u015bwiadczeniu i wieku. Dzia\u0142amy z my\u015bl\u0105 o promowaniu \u017ceglarstwa jako aktywnego<br>sposobu sp\u0119dzania czasu, sportu i przygody. \u017beglarstwo to sport zespo\u0142owy, kt\u00f3ry<br>uczy wsp\u00f3\u0142pracy, komunikacji i wsp\u00f3lnego d\u0105\u017cenia do celu. <strong>Odra Sailing<\/strong> to klub \u017ceglarski skupiaj\u0105cy pasjonat\u00f3w \u017ceglarstwa \u015br\u00f3dl\u0105dowego i morskiego z Wroc\u0142awia i okolic. Dzia\u0142amy z my\u015bl\u0105 o wszystkich \u2013 od os\u00f3b stawiaj\u0105cych pierwsze kroki na pok\u0142adzie, po do\u015bwiadczonych \u017ceglarzy.<\/p>\n\n\n\n<p class=\"has-text-align-left\">Nasz\u0105 misj\u0105 jest <strong>promowanie kultury \u017ceglarskiej<\/strong>, rozwijanie umiej\u0119tno\u015bci na wodzie oraz budowanie aktywnej i przyjaznej spo\u0142eczno\u015bci. \u0141\u0105czy nas nie tylko wsp\u00f3lna pasja, ale te\u017c ch\u0119\u0107 dzielenia si\u0119 wiedz\u0105 i dobr\u0105 energi\u0105 \u2013 na rejsach, szkoleniach, regatach i przy ognisku po zej\u015bciu z pok\u0142adu.<\/p>\n\n\n\n<div class=\"wp-block-buttons is-layout-flex wp-block-buttons-is-layout-flex\">\n<div class=\"wp-block-button\"><a class=\"wp-block-button__link has-background wp-element-button\" style=\"border-radius:1px;background-color:#47cfa9\">Zapraszamy<\/a><\/div>\n<\/div>\n\n\n\n<div style=\"height:20px\" aria-hidden=\"true\" class=\"wp-block-spacer\"><\/div>\n<\/div>\n<\/div>\n<\/div><\/div><\/div><\/div><\/div>\n\n\n\n<div class=\"wp-block-getwid-section alignfull alignfull getwid-section-content-custom-width\"><div class=\"wp-block-getwid-section__wrapper getwid-padding-left-medium getwid-padding-right-medium\" style=\"padding-top:80px;padding-bottom:20px\"><div class=\"wp-block-getwid-section__inner-wrapper\" style=\"max-width:1140px\"><div class=\"wp-block-getwid-section__background-holder\"><div class=\"wp-block-getwid-section__background has-background\" style=\"background-color:#041686\"><\/div><div class=\"wp-block-getwid-section__foreground\"><\/div><\/div><div class=\"wp-block-getwid-section__content\"><div class=\"wp-block-getwid-section__inner-content\">\n<div class=\"wp-block-getwid-advanced-heading\"><span class=\"wp-block-getwid-advanced-heading__content has-text-color has-white-color\" style=\"text-align:center\"><strong>Zalety<\/strong><\/span><\/div>\n\n\n\n<h2 class=\"wp-block-heading has-text-align-center has-white-color has-text-color\">Dlaczego warto si\u0119 u nas uczy\u0107?<\/h2>\n\n\n\n<div class=\"wp-block-columns has-3-columns is-layout-flex wp-container-core-columns-is-layout-9d6595d7 wp-block-columns-is-layout-flex\">\n<div class=\"wp-block-column is-layout-flow wp-block-column-is-layout-flow\">\n<div class=\"wp-block-getwid-icon-box has-icon-left has-text-left\"><div class=\"wp-block-getwid-icon-box__icon-container has-layout-stacked is-position-top\"><div class=\"wp-block-getwid-icon-box__icon-wrapper has-background has-text-color has-white-color\" style=\"font-size:36px;padding:20px;background-color:#47cfa9\"><i class=\"fas fa-file-alt\"><\/i><\/div><\/div><div class=\"wp-block-getwid-icon-box__content\">\n<div class=\"wp-block-getwid-advanced-heading\"><h4 class=\"wp-block-getwid-advanced-heading__content has-text-color has-white-color\" style=\"text-align:left\">Teoria<\/h4><\/div>\n\n\n\n<p class=\"has-text-align-left has-white-color has-text-color\">Platforma do nauki<\/p>\n<\/div><\/div>\n<\/div>\n\n\n\n<div class=\"wp-block-column is-layout-flow wp-block-column-is-layout-flow\">\n<div class=\"wp-block-getwid-icon-box has-icon-left has-text-left\"><div class=\"wp-block-getwid-icon-box__icon-container has-layout-stacked is-position-top\"><div class=\"wp-block-getwid-icon-box__icon-wrapper has-background has-text-color has-white-color\" style=\"font-size:36px;padding:20px;background-color:#47cfa9\"><i class=\"fas fa-anchor\"><\/i><\/div><\/div><div class=\"wp-block-getwid-icon-box__content\">\n<div class=\"wp-block-getwid-advanced-heading\"><h4 class=\"wp-block-getwid-advanced-heading__content has-text-color has-white-color\" style=\"text-align:left\">Praktyka<\/h4><\/div>\n\n\n\n<p class=\"has-text-align-left has-white-color has-text-color\">Zaj\u0119cia na wodzie, wsp\u00f3lne wyjazdy<\/p>\n<\/div><\/div>\n<\/div>\n\n\n\n<div class=\"wp-block-column is-layout-flow wp-block-column-is-layout-flow\">\n<div class=\"wp-block-getwid-icon-box has-icon-left has-text-left\"><div class=\"wp-block-getwid-icon-box__icon-container has-layout-stacked is-position-top\"><div class=\"wp-block-getwid-icon-box__icon-wrapper has-background has-text-color has-white-color\" style=\"font-size:36px;padding:20px;background-color:#47cfa9\"><i class=\"fas fa-clipboard-list\"><\/i><\/div><\/div><div class=\"wp-block-getwid-icon-box__content\">\n<div class=\"wp-block-getwid-advanced-heading\"><h4 class=\"wp-block-getwid-advanced-heading__content has-text-color has-white-color\" style=\"text-align:left\">Egzamin<\/h4><\/div>\n\n\n\n<p class=\"has-text-align-left has-white-color has-text-color\">Mo\u017cliwo\u015b\u0107 zdania egzaminu na patent \u017ceglarza jachtowego oraz sternika motorowodnego<\/p>\n<\/div><\/div>\n<\/div>\n<\/div>\n<\/div><\/div><\/div><\/div><\/div>\n\n\n\n<div class=\"wp-block-getwid-section alignfull alignfull getwid-section-content-custom-width\"><div class=\"wp-block-getwid-section__wrapper getwid-padding-left-medium getwid-padding-right-medium\" style=\"padding-top:80px;padding-bottom:30px\"><div class=\"wp-block-getwid-section__inner-wrapper\" style=\"max-width:1140px\"><div class=\"wp-block-getwid-section__background-holder\"><div class=\"wp-block-getwid-section__background\"><\/div><div class=\"wp-block-getwid-section__foreground\"><\/div><\/div><div class=\"wp-block-getwid-section__content\"><div class=\"wp-block-getwid-section__inner-content\">\n<div class=\"wp-block-getwid-advanced-heading\" style=\"margin-bottom:0px;margin-top:0px\"><span class=\"wp-block-getwid-advanced-heading__content has-text-color\" style=\"text-align:center;color:#041686\"><strong>Zesp\u00f3\u0142<\/strong><\/span><\/div>\n\n\n\n<div class=\"wp-block-getwid-advanced-heading\" style=\"margin-bottom:30px;margin-top:10px\"><h2 class=\"wp-block-getwid-advanced-heading__content\" style=\"text-align:center\">Nasi instruktorzy<\/h2><\/div>\n\n\n\n<div class=\"wp-block-getwid-advanced-spacer\" style=\"height:40px\" aria-hidden=\"true\"><\/div>\n\n\n\n<div class=\"wp-block-columns has-3-columns is-layout-flex wp-container-core-columns-is-layout-9d6595d7 wp-block-columns-is-layout-flex\">\n<div class=\"wp-block-column is-layout-flow wp-block-column-is-layout-flow\">\n<div class=\"wp-block-getwid-person roundedimg is-image-cropped\"><div class=\"wp-block-getwid-person__image\"><img loading=\"lazy\" decoding=\"async\" width=\"2560\" height=\"1920\" src=\"https:\/\/odrasailing.pl\/wp-content\/uploads\/2025\/01\/IMG-20240629-WA0115-scaled.jpg\" class=\"wp-image-831\" srcset=\"https:\/\/odrasailing.pl\/wp-content\/uploads\/2025\/01\/IMG-20240629-WA0115-scaled.jpg 2560w, https:\/\/odrasailing.pl\/wp-content\/uploads\/2025\/01\/IMG-20240629-WA0115-300x225.jpg 300w, https:\/\/odrasailing.pl\/wp-content\/uploads\/2025\/01\/IMG-20240629-WA0115-1024x768.jpg 1024w, https:\/\/odrasailing.pl\/wp-content\/uploads\/2025\/01\/IMG-20240629-WA0115-768x576.jpg 768w, https:\/\/odrasailing.pl\/wp-content\/uploads\/2025\/01\/IMG-20240629-WA0115-1536x1152.jpg 1536w, https:\/\/odrasailing.pl\/wp-content\/uploads\/2025\/01\/IMG-20240629-WA0115-2048x1536.jpg 2048w\" sizes=\"auto, (max-width: 2560px) 100vw, 2560px\" \/><\/div><div class=\"wp-block-getwid-person__content-wrapper\"><span class=\"wp-block-getwid-person__title\">Julita Staniec<\/span><span class=\"wp-block-getwid-person__subtitle\">Instruktor<\/span>\n<div class=\"wp-block-getwid-social-links has-large-spacing\"><ul class=\"wp-block-getwid-social-links__list getwid-justify-content-center\"><\/ul><\/div>\n<\/div><\/div>\n\n\n\n<div class=\"wp-block-getwid-person roundedimg is-image-cropped\"><div class=\"wp-block-getwid-person__image\"><img loading=\"lazy\" decoding=\"async\" width=\"768\" height=\"1024\" src=\"https:\/\/odrasailing.pl\/wp-content\/uploads\/2025\/01\/P7034800-768x1024.jpg\" class=\"wp-image-830\" srcset=\"https:\/\/odrasailing.pl\/wp-content\/uploads\/2025\/01\/P7034800-768x1024.jpg 768w, https:\/\/odrasailing.pl\/wp-content\/uploads\/2025\/01\/P7034800-225x300.jpg 225w, https:\/\/odrasailing.pl\/wp-content\/uploads\/2025\/01\/P7034800-1152x1536.jpg 1152w, https:\/\/odrasailing.pl\/wp-content\/uploads\/2025\/01\/P7034800-1536x2048.jpg 1536w, https:\/\/odrasailing.pl\/wp-content\/uploads\/2025\/01\/P7034800-scaled.jpg 1920w\" sizes=\"auto, (max-width: 768px) 100vw, 768px\" \/><\/div><div class=\"wp-block-getwid-person__content-wrapper\"><span class=\"wp-block-getwid-person__title\">Damian Klubi\u0144ski<\/span><span class=\"wp-block-getwid-person__subtitle\">Instruktor<\/span>\n<div class=\"wp-block-getwid-social-links has-default-spacing\"><ul class=\"wp-block-getwid-social-links__list getwid-justify-content-center\"><\/ul><\/div>\n<\/div><\/div>\n<\/div>\n\n\n\n<div class=\"wp-block-column is-layout-flow wp-block-column-is-layout-flow\">\n<div class=\"wp-block-getwid-person roundedimg is-image-cropped\"><div class=\"wp-block-getwid-person__image\"><img loading=\"lazy\" decoding=\"async\" width=\"1920\" height=\"2560\" src=\"https:\/\/odrasailing.pl\/wp-content\/uploads\/2025\/01\/100_2364-2-scaled.jpg\" class=\"wp-image-828\" srcset=\"https:\/\/odrasailing.pl\/wp-content\/uploads\/2025\/01\/100_2364-2-scaled.jpg 1920w, https:\/\/odrasailing.pl\/wp-content\/uploads\/2025\/01\/100_2364-2-225x300.jpg 225w, https:\/\/odrasailing.pl\/wp-content\/uploads\/2025\/01\/100_2364-2-768x1024.jpg 768w, https:\/\/odrasailing.pl\/wp-content\/uploads\/2025\/01\/100_2364-2-1152x1536.jpg 1152w, https:\/\/odrasailing.pl\/wp-content\/uploads\/2025\/01\/100_2364-2-1536x2048.jpg 1536w\" sizes=\"auto, (max-width: 1920px) 100vw, 1920px\" \/><\/div><div class=\"wp-block-getwid-person__content-wrapper\"><span class=\"wp-block-getwid-person__title\">Rafa\u0142 Staniec<\/span><span class=\"wp-block-getwid-person__subtitle\">Instruktor<\/span>\n<div class=\"wp-block-getwid-social-links has-large-spacing\"><ul class=\"wp-block-getwid-social-links__list getwid-justify-content-center\"><\/ul><\/div>\n<\/div><\/div>\n\n\n\n<div class=\"wp-block-getwid-person roundedimg is-image-cropped\"><div class=\"wp-block-getwid-person__image\"><img loading=\"lazy\" decoding=\"async\" width=\"957\" height=\"960\" src=\"https:\/\/odrasailing.pl\/wp-content\/uploads\/2025\/01\/Zdjecie-WhatsApp-2025-01-14-o-16.49.53_9ee962f2.jpg\" class=\"wp-image-871\" srcset=\"https:\/\/odrasailing.pl\/wp-content\/uploads\/2025\/01\/Zdjecie-WhatsApp-2025-01-14-o-16.49.53_9ee962f2.jpg 957w, https:\/\/odrasailing.pl\/wp-content\/uploads\/2025\/01\/Zdjecie-WhatsApp-2025-01-14-o-16.49.53_9ee962f2-300x300.jpg 300w, https:\/\/odrasailing.pl\/wp-content\/uploads\/2025\/01\/Zdjecie-WhatsApp-2025-01-14-o-16.49.53_9ee962f2-150x150.jpg 150w, https:\/\/odrasailing.pl\/wp-content\/uploads\/2025\/01\/Zdjecie-WhatsApp-2025-01-14-o-16.49.53_9ee962f2-768x770.jpg 768w\" sizes=\"auto, (max-width: 957px) 100vw, 957px\" \/><\/div><div class=\"wp-block-getwid-person__content-wrapper\"><span class=\"wp-block-getwid-person__title\">Mateusz \u0141ysak<\/span><span class=\"wp-block-getwid-person__subtitle\">Instruktor<\/span>\n<div class=\"wp-block-getwid-social-links has-default-spacing\"><ul class=\"wp-block-getwid-social-links__list getwid-justify-content-center\"><\/ul><\/div>\n<\/div><\/div>\n<\/div>\n\n\n\n<div class=\"wp-block-column is-layout-flow wp-block-column-is-layout-flow\">\n<div class=\"wp-block-getwid-person roundedimg is-image-cropped\"><div class=\"wp-block-getwid-person__image\"><img loading=\"lazy\" decoding=\"async\" width=\"1080\" height=\"1440\" src=\"https:\/\/odrasailing.pl\/wp-content\/uploads\/2025\/01\/Zdjecie-WhatsApp-2025-01-09-o-15.22.17_f0a36d28.jpg\" class=\"wp-image-813\" srcset=\"https:\/\/odrasailing.pl\/wp-content\/uploads\/2025\/01\/Zdjecie-WhatsApp-2025-01-09-o-15.22.17_f0a36d28.jpg 1080w, https:\/\/odrasailing.pl\/wp-content\/uploads\/2025\/01\/Zdjecie-WhatsApp-2025-01-09-o-15.22.17_f0a36d28-225x300.jpg 225w, https:\/\/odrasailing.pl\/wp-content\/uploads\/2025\/01\/Zdjecie-WhatsApp-2025-01-09-o-15.22.17_f0a36d28-768x1024.jpg 768w\" sizes=\"auto, (max-width: 1080px) 100vw, 1080px\" \/><\/div><div class=\"wp-block-getwid-person__content-wrapper\"><span class=\"wp-block-getwid-person__title\">Marcel Brykman<\/span><span class=\"wp-block-getwid-person__subtitle\">Instruktor<\/span>\n<div class=\"wp-block-getwid-social-links has-large-spacing\"><ul class=\"wp-block-getwid-social-links__list getwid-justify-content-center\"><\/ul><\/div>\n<\/div><\/div>\n<\/div>\n\n\n\n<div class=\"wp-block-column is-layout-flow wp-block-column-is-layout-flow\">\n<div class=\"wp-block-getwid-person roundedimg is-image-cropped\"><div class=\"wp-block-getwid-person__image\"><img loading=\"lazy\" decoding=\"async\" width=\"484\" height=\"1024\" src=\"https:\/\/odrasailing.pl\/wp-content\/uploads\/2025\/02\/Zdjecie-WhatsApp-2025-02-15-o-20.53.52_b10ef43a-484x1024.jpg\" class=\"wp-image-1085\" srcset=\"https:\/\/odrasailing.pl\/wp-content\/uploads\/2025\/02\/Zdjecie-WhatsApp-2025-02-15-o-20.53.52_b10ef43a-484x1024.jpg 484w, https:\/\/odrasailing.pl\/wp-content\/uploads\/2025\/02\/Zdjecie-WhatsApp-2025-02-15-o-20.53.52_b10ef43a-142x300.jpg 142w, https:\/\/odrasailing.pl\/wp-content\/uploads\/2025\/02\/Zdjecie-WhatsApp-2025-02-15-o-20.53.52_b10ef43a-727x1536.jpg 727w, https:\/\/odrasailing.pl\/wp-content\/uploads\/2025\/02\/Zdjecie-WhatsApp-2025-02-15-o-20.53.52_b10ef43a.jpg 757w\" sizes=\"auto, (max-width: 484px) 100vw, 484px\" \/><\/div><div class=\"wp-block-getwid-person__content-wrapper\"><span class=\"wp-block-getwid-person__title\">Ryszard Wiesztort<\/span><span class=\"wp-block-getwid-person__subtitle\">Instruktor<\/span>\n<div class=\"wp-block-getwid-social-links has-default-spacing\"><ul class=\"wp-block-getwid-social-links__list getwid-justify-content-center\"><\/ul><\/div>\n<\/div><\/div>\n<\/div>\n<\/div>\n<\/div><\/div><\/div><\/div><\/div>\n\n\n\n<div class=\"wp-block-getwid-section alignfull alignfull getwid-section-content-custom-width\"><div class=\"wp-block-getwid-section__wrapper getwid-padding-left-medium getwid-padding-right-medium\" style=\"padding-top:80px;padding-bottom:0px\"><div class=\"wp-block-getwid-section__inner-wrapper\" style=\"max-width:1140px\"><div class=\"wp-block-getwid-section__background-holder\"><div class=\"wp-block-getwid-section__background has-background\" style=\"background-color:#ecfaf6\"><\/div><div class=\"wp-block-getwid-section__foreground\" style=\"opacity:0;background-color:#ffffff\"><\/div><\/div><div class=\"wp-block-getwid-section__content\"><div class=\"wp-block-getwid-section__inner-content\">\n<div class=\"wp-block-getwid-advanced-heading\" style=\"margin-bottom:0px;margin-top:0px\"><span class=\"wp-block-getwid-advanced-heading__content has-text-color\" style=\"text-align:center;color:#041686\"><strong>Opinie i referencje<\/strong><\/span><\/div>\n\n\n\n<div class=\"wp-block-getwid-advanced-heading\" style=\"margin-bottom:30px;margin-top:10px\"><h2 class=\"wp-block-getwid-advanced-heading__content\" style=\"text-align:center\">Co Klienci m\u00f3wi\u0105 o nas<\/h2><\/div>\n\n\n\n<div class=\"wp-block-getwid-advanced-spacer\" style=\"height:50px\" aria-hidden=\"true\"><\/div>\n\n\n\n<div class=\"wp-block-columns has-2-columns is-layout-flex wp-container-core-columns-is-layout-9d6595d7 wp-block-columns-is-layout-flex\">\n<div class=\"wp-block-column is-layout-flow wp-block-column-is-layout-flow\">\n<div class=\"wp-block-getwid-testimonial has-image\"><div class=\"wp-block-getwid-testimonial__wrapper\"><div class=\"wp-block-getwid-testimonial__content-wrapper\"><p class=\"wp-block-getwid-testimonial__content\">Fajny spos\u00f3b na sp\u0119dzenie tygodnia wakacji. Syn by\u0142 bardzo zadowolony ze szkolenia. Kadra profesjonalna, \u015bwietnie dostosowywali zaj\u0119cia do panuj\u0105cej aury.<\/p><\/div><div class=\"wp-block-getwid-testimonial__header\"><div class=\"wp-block-getwid-testimonial__image-wrapper\"><div class=\"wp-block-getwid-testimonial__image\"><img loading=\"lazy\" decoding=\"async\" width=\"75\" height=\"75\" src=\"https:\/\/odrasailing.pl\/wp-content\/uploads\/2025\/01\/unnamed.png\" alt=\"\" class=\"wp-image-902\"\/><\/div><\/div><div class=\"wp-block-getwid-testimonial__heading\"><span class=\"wp-block-getwid-testimonial__title\"><strong>Anna Sk<\/strong><\/span><span class=\"wp-block-getwid-testimonial__subtitle\"><span style=\"color:#47cfa9\" class=\"has-inline-color\">Klient<\/span><\/span><\/div><\/div><\/div><\/div>\n\n\n\n<div style=\"height:60px\" aria-hidden=\"true\" class=\"wp-block-spacer\"><\/div>\n<\/div>\n\n\n\n<div class=\"wp-block-column is-layout-flow wp-block-column-is-layout-flow\">\n<div class=\"wp-block-getwid-testimonial has-image\"><div class=\"wp-block-getwid-testimonial__wrapper\"><div class=\"wp-block-getwid-testimonial__content-wrapper\"><p class=\"wp-block-getwid-testimonial__content\">Polecam !!!megaaa.. Serdecznie polecam!!<br><br><\/p><\/div><div class=\"wp-block-getwid-testimonial__header\"><div class=\"wp-block-getwid-testimonial__image-wrapper\"><div class=\"wp-block-getwid-testimonial__image\"><img loading=\"lazy\" decoding=\"async\" width=\"75\" height=\"75\" src=\"https:\/\/odrasailing.pl\/wp-content\/uploads\/2025\/01\/unnamed-1.png\" alt=\"\" class=\"wp-image-903\"\/><\/div><\/div><div class=\"wp-block-getwid-testimonial__heading\"><span class=\"wp-block-getwid-testimonial__title\"><strong>Zuzanna W<\/strong><\/span><span class=\"wp-block-getwid-testimonial__subtitle\"><span style=\"color:#47cfa9\" class=\"has-inline-color\">Klient<\/span><\/span><\/div><\/div><\/div><\/div>\n\n\n\n<div style=\"height:60px\" aria-hidden=\"true\" class=\"wp-block-spacer\"><\/div>\n<\/div>\n<\/div>\n<\/div><\/div><\/div><\/div><\/div>\n\n\n\n<div class=\"wp-block-getwid-section alignfull getwid-section-content-custom-width\"><div class=\"wp-block-getwid-section__wrapper getwid-padding-top-large getwid-padding-bottom-large getwid-padding-left-medium getwid-padding-right-medium\" style=\"min-height:70vh\"><div class=\"wp-block-getwid-section__inner-wrapper\" style=\"max-width:1140px\"><div class=\"wp-block-getwid-section__background-holder\"><div class=\"wp-block-getwid-section__background\" style=\"background-image:url('https:\/\/odrasailing.pl\/wp-content\/uploads\/2025\/01\/IMG_5289-scaled-e1736879107553.jpeg');background-position:top center\"><div class=\"wp-block-getwid-section__background-image-wrapper\"><img decoding=\"async\" class=\"wp-block-getwid-section__background-image\" src=\"https:\/\/odrasailing.pl\/wp-content\/uploads\/2025\/01\/IMG_5289-scaled-e1736879107553.jpeg\" alt=\"\"\/><\/div><\/div><div class=\"wp-block-getwid-section__foreground\" style=\"opacity:0.65;background-color:#000000\"><\/div><\/div><div class=\"wp-block-getwid-section__content\"><div class=\"wp-block-getwid-section__inner-content\">\n<div class=\"wp-block-getwid-advanced-heading\" style=\"margin-bottom:0px;margin-top:0px\"><span class=\"wp-block-getwid-advanced-heading__content has-text-color\" style=\"text-align:left;color:#ffffff\">Gotowy?<\/span><\/div>\n\n\n\n<div class=\"wp-block-getwid-advanced-heading\" style=\"margin-bottom:30px;margin-top:10px\"><h2 class=\"wp-block-getwid-advanced-heading__content has-text-color\" style=\"text-align:left;color:#ffffff\">Ju\u017c teraz zapisz si\u0119!<\/h2><\/div>\n\n\n\n<div class=\"wp-block-getwid-advanced-spacer\" style=\"height:40px\" aria-hidden=\"true\"><\/div>\n\n\n\n<div class=\"wp-block-button\"><a class=\"wp-block-button__link has-white-color has-text-color has-background wp-element-button\" href=\"#\" style=\"border-radius:1px;background-color:#47cfa9\"><strong>Skontaktuj si\u0119 z nami<\/strong><\/a><\/div>\n<\/div><\/div><\/div><\/div><\/div>\n\n\n\n<div class=\"wp-block-getwid-section getwid-section-content-full-width\"><div class=\"wp-block-getwid-section__wrapper getwid-padding-top-none getwid-padding-bottom-none getwid-padding-left-none getwid-padding-right-none\"><div class=\"wp-block-getwid-section__inner-wrapper\"><div class=\"wp-block-getwid-section__background-holder\"><div class=\"wp-block-getwid-section__background\"><\/div><div class=\"wp-block-getwid-section__foreground\"><\/div><\/div><div class=\"wp-block-getwid-section__content\"><div class=\"wp-block-getwid-section__inner-content\"><\/div><\/div><\/div><\/div><\/div>\n\n\n\n<div class=\"wp-block-getwid-section alignfull alignfull getwid-section-content-custom-width\"><div class=\"wp-block-getwid-section__wrapper getwid-padding-left-medium getwid-padding-right-medium\" style=\"padding-top:50px;padding-bottom:0px\"><div class=\"wp-block-getwid-section__inner-wrapper\" style=\"max-width:1140px\"><div class=\"wp-block-getwid-section__background-holder\"><div class=\"wp-block-getwid-section__background has-background\" style=\"background-color:#ecfaf6\"><\/div><div class=\"wp-block-getwid-section__foreground\"><\/div><\/div><div class=\"wp-block-getwid-section__content\"><div class=\"wp-block-getwid-section__inner-content\">\n<div class=\"wp-block-columns is-layout-flex wp-container-core-columns-is-layout-9d6595d7 wp-block-columns-is-layout-flex\">\n<div class=\"wp-block-column is-layout-flow wp-block-column-is-layout-flow\">\n<p class=\"has-text-align-center\">Masz pytania?<br><strong><span style=\"color:#041686\" class=\"has-inline-color\">biuro@odrasailing.pl<\/span><\/strong><\/p>\n<\/div>\n\n\n\n<div class=\"wp-block-column is-layout-flow wp-block-column-is-layout-flow\">\n<p class=\"has-text-align-center\">Zadzwo\u0144 i zapisz si\u0119<br><strong><span style=\"color:#041686\" class=\"has-inline-color\">+48 668 431 930<\/span><\/strong><\/p>\n<\/div>\n<\/div>\n<\/div><\/div><\/div><\/div><\/div>\n\n\n\n<p><\/p>\n","protected":false},"excerpt":{"rendered":"","protected":false},"author":1,"featured_media":911,"parent":0,"menu_order":0,"comment_status":"closed","ping_status":"closed","template":"","meta":{"footnotes":""},"class_list":["post-860","page","type-page","status-publish","has-post-thumbnail","hentry"],"aioseo_notices":[],"_links":{"self":[{"href":"https:\/\/odrasailing.pl\/index.php?rest_route=\/wp\/v2\/pages\/860","targetHints":{"allow":["GET"]}}],"collection":[{"href":"https:\/\/odrasailing.pl\/index.php?rest_route=\/wp\/v2\/pages"}],"about":[{"href":"https:\/\/odrasailing.pl\/index.php?rest_route=\/wp\/v2\/types\/page"}],"author":[{"embeddable":true,"href":"https:\/\/odrasailing.pl\/index.php?rest_route=\/wp\/v2\/users\/1"}],"replies":[{"embeddable":true,"href":"https:\/\/odrasailing.pl\/index.php?rest_route=%2Fwp%2Fv2%2Fcomments&post=860"}],"version-history":[{"count":8,"href":"https:\/\/odrasailing.pl\/index.php?rest_route=\/wp\/v2\/pages\/860\/revisions"}],"predecessor-version":[{"id":1176,"href":"https:\/\/odrasailing.pl\/index.php?rest_route=\/wp\/v2\/pages\/860\/revisions\/1176"}],"wp:featuredmedia":[{"embeddable":true,"href":"https:\/\/odrasailing.pl\/index.php?rest_route=\/wp\/v2\/media\/911"}],"wp:attachment":[{"href":"https:\/\/odrasailing.pl\/index.php?rest_route=%2Fwp%2Fv2%2Fmedia&parent=860"}],"curies":[{"name":"wp","href":"https:\/\/api.w.org\/{rel}","templated":true}]}}