{"id":858,"date":"2025-01-14T16:26:35","date_gmt":"2025-01-14T15:26:35","guid":{"rendered":"https:\/\/odrasailing.pl\/?page_id=858"},"modified":"2025-06-04T18:04:16","modified_gmt":"2025-06-04T16:04:16","slug":"kontakt-2","status":"publish","type":"page","link":"https:\/\/odrasailing.pl\/?page_id=858","title":{"rendered":"Kontakt"},"content":{"rendered":"\n<div class=\"wp-block-getwid-section alignfull alignfull getwid-section-content-custom-width\"><div class=\"wp-block-getwid-section__wrapper getwid-padding-left-medium getwid-padding-right-medium\" style=\"padding-top:100px;padding-bottom:30px\"><div class=\"wp-block-getwid-section__inner-wrapper\" style=\"max-width:1140px\"><div class=\"wp-block-getwid-section__background-holder\"><div class=\"wp-block-getwid-section__background has-background has-white-background-color\"><\/div><div class=\"wp-block-getwid-section__foreground\" style=\"opacity:0;background-color:#000000\"><\/div><\/div><div class=\"wp-block-getwid-section__content\"><div class=\"wp-block-getwid-section__inner-content\">\n<div class=\"wp-block-columns has-3-columns is-layout-flex wp-container-core-columns-is-layout-9d6595d7 wp-block-columns-is-layout-flex\">\n<div class=\"wp-block-column is-layout-flow wp-block-column-is-layout-flow\">\n<div class=\"wp-block-getwid-icon-box has-text-center\"><div class=\"wp-block-getwid-icon-box__icon-container is-position-top\"><div class=\"wp-block-getwid-icon-box__icon-wrapper has-text-color\" style=\"font-size:26px;padding:0px;color:#47cfa9\"><i class=\"fas fa-location-arrow\"><\/i><\/div><\/div><div class=\"wp-block-getwid-icon-box__content\">\n<h5 class=\"wp-block-heading\">Adres<\/h5>\n\n\n\n<p class=\"has-medium-font-size\">ul. Osobowicka 70<br>51-008 Wroc\u0142aw<\/p>\n<\/div><\/div>\n<\/div>\n\n\n\n<div class=\"wp-block-column is-layout-flow wp-block-column-is-layout-flow\">\n<div class=\"wp-block-getwid-icon-box has-text-center\"><div class=\"wp-block-getwid-icon-box__icon-container is-position-top\"><div class=\"wp-block-getwid-icon-box__icon-wrapper has-text-color\" style=\"font-size:26px;padding:0px;color:#47cfa9\"><i class=\"fas fa-envelope\"><\/i><\/div><\/div><div class=\"wp-block-getwid-icon-box__content\">\n<h5 class=\"wp-block-heading\">Email<\/h5>\n\n\n\n<p>biuro@odrasailing.pl<br>www.odrasailing.pl<\/p>\n<\/div><\/div>\n<\/div>\n\n\n\n<div class=\"wp-block-column is-layout-flow wp-block-column-is-layout-flow\">\n<div class=\"wp-block-getwid-icon-box has-text-center\"><div class=\"wp-block-getwid-icon-box__icon-container is-position-top\"><div class=\"wp-block-getwid-icon-box__icon-wrapper has-text-color\" style=\"font-size:26px;padding:0px;color:#47cfa9\"><i class=\"fas fa-phone\"><\/i><\/div><\/div><div class=\"wp-block-getwid-icon-box__content\">\n<h5 class=\"wp-block-heading\">Telefon<\/h5>\n\n\n\n<p>+48 668 431 930<br><\/p>\n<\/div><\/div>\n<\/div>\n\n\n\n<div class=\"wp-block-column is-layout-flow wp-block-column-is-layout-flow\">\n<div class=\"wp-block-getwid-icon-box has-text-center\"><div class=\"wp-block-getwid-icon-box__icon-container is-position-top\"><div class=\"wp-block-getwid-icon-box__icon-wrapper has-text-color\" style=\"font-size:26px;padding:0px;color:#47cfa9\"><i class=\"far fa-clock\"><\/i><\/div><\/div><div class=\"wp-block-getwid-icon-box__content\">\n<h5 class=\"wp-block-heading\">Godziny pracy<\/h5>\n\n\n\n<p>poniedzia\u0142ek &#8211; niedziela<br>9:00 &#8211; 20:00<\/p>\n<\/div><\/div>\n<\/div>\n<\/div>\n<\/div><\/div><\/div><\/div><\/div>\n\n\n\n<div class=\"wp-block-getwid-section getwid-section-content-full-width\"><div class=\"wp-block-getwid-section__wrapper getwid-padding-top-none getwid-padding-bottom-none getwid-padding-left-none getwid-padding-right-none getwid-justify-content-flex-end\"><div class=\"wp-block-getwid-section__inner-wrapper\"><div class=\"wp-block-getwid-section__background-holder\"><div class=\"wp-block-getwid-section__background\"><\/div><div class=\"wp-block-getwid-section__foreground\"><\/div><\/div><div class=\"wp-block-getwid-section__content\"><div class=\"wp-block-getwid-section__inner-content\">\n<iframe src=\"https:\/\/www.google.com\/maps\/embed?pb=!1m18!1m12!1m3!1d2503.5428228795604!2d16.997765102058203!3d51.13534037756967!2m3!1f0!2f0!3f0!3m2!1i1024!2i768!4f13.1!3m3!1m2!1s0x470fea1903b34ab5%3A0xe7fbc8d993cd555e!2sMaster%20Jachting%20Rafa%C5%82%20Staniec%20-%20Szkolenia%20oraz%20Kursy%20Motorowodne%20i%20%C5%BBeglarskie!5e0!3m2!1spl!2spl!4v1736869168682!5m2!1spl!2spl\" width=\"600\" height=\"450\" style=\"border:0;\" allowfullscreen=\"\" loading=\"lazy\" referrerpolicy=\"no-referrer-when-downgrade\"><\/iframe>\n<\/div><\/div><\/div><\/div><\/div>\n\n\n\n<div class=\"wp-block-getwid-section alignfull alignfull getwid-section-content-custom-width\"><div class=\"wp-block-getwid-section__wrapper getwid-padding-left-medium getwid-padding-right-medium\" style=\"padding-top:80px\"><div class=\"wp-block-getwid-section__inner-wrapper\" style=\"max-width:1140px\"><div class=\"wp-block-getwid-section__background-holder\"><div class=\"wp-block-getwid-section__background\"><\/div><div class=\"wp-block-getwid-section__foreground\"><\/div><\/div><div class=\"wp-block-getwid-section__content\"><div class=\"wp-block-getwid-section__inner-content\">\n<div class=\"wp-block-columns is-layout-flex wp-container-core-columns-is-layout-9d6595d7 wp-block-columns-is-layout-flex\">\n<div class=\"wp-block-column ramkacol ramkacol2 is-layout-flow wp-block-column-is-layout-flow\">\n<div class=\"wp-block-columns is-layout-flex wp-container-core-columns-is-layout-9d6595d7 wp-block-columns-is-layout-flex\">\n<div class=\"wp-block-column is-layout-flow wp-block-column-is-layout-flow\" style=\"flex-basis:20%\"><\/div>\n\n\n\n<div class=\"wp-block-column is-layout-flow wp-block-column-is-layout-flow\">\n<h2 class=\"wp-block-heading has-text-align-center\">Wy\u015blij wiadomo\u015b\u0107<\/h2>\n<\/div>\n\n\n\n<div class=\"wp-block-column is-layout-flow wp-block-column-is-layout-flow\" style=\"flex-basis:20%\"><\/div>\n<\/div>\n\n\n<div class=\"forminator-ui forminator-custom-form forminator-custom-form-1173 forminator-design--default  forminator_ajax\" data-forminator-render=\"0\" data-form=\"forminator-module-1173\" data-uid=\"69e37895c9622\"><br\/><\/div><form\n\t\t\t\tid=\"forminator-module-1173\"\n\t\t\t\tclass=\"forminator-ui forminator-custom-form forminator-custom-form-1173 forminator-design--default  forminator_ajax\"\n\t\t\t\tmethod=\"post\"\n\t\t\t\tdata-forminator-render=\"0\"\n\t\t\t\tdata-form-id=\"1173\"\n\t\t\t\t\n\t\t\t\tdata-design=\"default\"\n\t\t\t\t\n\t\t\t\t\n\t\t\t\t\n\t\t\t\tdata-grid=\"open\"\n\t\t\t\t\n\t\t\t\t\n\t\t\t\tstyle=\"display: none;\"\n\t\t\t\t\n\t\t\t\tdata-uid=\"69e37895c9622\"\n\t\t\t><div role=\"alert\" aria-live=\"polite\" class=\"forminator-response-message forminator-error\" aria-hidden=\"true\"><\/div><div class=\"forminator-row\"><div id=\"name-1\" class=\"forminator-field-name forminator-col forminator-col-12 \"><div class=\"forminator-row forminator-no-margin\" data-multiple=\"true\"><div class=\"forminator-col forminator-col-md-6\"><div class=\"forminator-field\"><label for=\"forminator-field-first-name-1_69e37895c9622\" id=\"forminator-field-first-name-1_69e37895c9622-label\" class=\"forminator-label\">Imi\u0119 <span class=\"forminator-required\">*<\/span><\/label><input type=\"text\" name=\"name-1-first-name\" placeholder=\"\" id=\"forminator-field-first-name-1_69e37895c9622\" class=\"forminator-input\" aria-required=\"true\" data-multi=\"1\" value=\"\" \/><\/div><\/div><div class=\"forminator-col forminator-col-md-6\"><div class=\"forminator-field\"><label for=\"forminator-field-last-name-1_69e37895c9622\" id=\"forminator-field-last-name-1_69e37895c9622-label\" class=\"forminator-label\">Nazwisko <span class=\"forminator-required\">*<\/span><\/label><input type=\"text\" name=\"name-1-last-name\" placeholder=\"\" id=\"forminator-field-last-name-1_69e37895c9622\" class=\"forminator-input\" aria-required=\"true\" data-multi=\"1\" value=\"\" \/><\/div><\/div><\/div><\/div><\/div><div class=\"forminator-row\"><div id=\"email-1\" class=\"forminator-field-email forminator-col forminator-col-6 \"><div class=\"forminator-field\"><input type=\"email\" name=\"email-1\" value=\"\" placeholder=\"Adres e-mail\" id=\"forminator-field-email-1_69e37895c9622\" class=\"forminator-input forminator-email--field\" data-required=\"1\" aria-required=\"true\" \/><\/div><\/div><div id=\"phone-1\" class=\"forminator-field-phone forminator-col forminator-col-6 \"><div class=\"forminator-field\"><input type=\"text\" name=\"phone-1\" value=\"\" placeholder=\"Numer telefonu\" id=\"forminator-field-phone-1_69e37895c9622\" class=\"forminator-input forminator-field--phone\" data-required=\"1\" aria-required=\"true\" autocomplete=\"off\" \/><\/div><\/div><\/div><div class=\"forminator-row\"><div id=\"textarea-1\" class=\"forminator-field-textarea forminator-col forminator-col-12 \"><div class=\"forminator-field\"><label for=\"forminator-field-textarea-1_69e37895c9622\" id=\"forminator-field-textarea-1_69e37895c9622-label\" class=\"forminator-label\">Twoja wiadomo\u015b\u0107<\/label><textarea name=\"textarea-1\" placeholder=\"\" id=\"forminator-field-textarea-1_69e37895c9622\" class=\"forminator-textarea\" rows=\"6\" style=\"min-height:140px;\" ><\/textarea><\/div><\/div><\/div><div class=\"forminator-row\"><div id=\"captcha-1\" class=\"forminator-field-captcha forminator-col forminator-col-12 \"><div class=\"forminator-captcha-left forminator-g-recaptcha\" data-theme=\"light\"  data-sitekey=\"6LeL4lUrAAAAADgzy6nmWHhFAL7oQ6PDF-DKdxRL\" data-size=\"normal\"><\/div> <\/div><\/div><input type=\"hidden\" name=\"referer_url\" value=\"\" \/><div class=\"forminator-row forminator-row-last\"><div class=\"forminator-col\"><div class=\"forminator-field\"><button class=\"forminator-button forminator-button-submit\">Wy\u015blij<\/button><\/div><\/div><\/div><input type=\"hidden\" id=\"forminator_nonce\" name=\"forminator_nonce\" value=\"fe2e76e192\" \/><input type=\"hidden\" name=\"_wp_http_referer\" value=\"\/index.php?rest_route=%2Fwp%2Fv2%2Fpages%2F858\" \/><input type=\"hidden\" name=\"form_id\" value=\"1173\"><input type=\"hidden\" name=\"page_id\" value=\"858\"><input type=\"hidden\" name=\"form_type\" value=\"default\"><input type=\"hidden\" name=\"current_url\" value=\"https:\/\/odrasailing.pl\/?page_id=858\"><input type=\"hidden\" name=\"render_id\" value=\"0\"><input type=\"hidden\" name=\"action\" value=\"forminator_submit_form_custom-forms\"><\/form>\n<\/div>\n<\/div>\n<\/div><\/div><\/div><\/div><\/div>\n\n\n\n<div class=\"wp-block-getwid-section alignfull pasekkontaktowy alignfull getwid-section-content-custom-width\"><div class=\"wp-block-getwid-section__wrapper getwid-padding-left-medium getwid-padding-right-medium\" style=\"padding-top:50px;padding-bottom:20px\"><div class=\"wp-block-getwid-section__inner-wrapper\" style=\"max-width:1140px\"><div class=\"wp-block-getwid-section__background-holder\"><div class=\"wp-block-getwid-section__background has-background\" style=\"background-color:#ecfaf6\"><\/div><div class=\"wp-block-getwid-section__foreground\" style=\"opacity:0;background-color:#000000\"><\/div><\/div><div class=\"wp-block-getwid-section__content\"><div class=\"wp-block-getwid-section__inner-content\">\n<div class=\"wp-block-columns has-3-columns is-layout-flex wp-container-core-columns-is-layout-9d6595d7 wp-block-columns-is-layout-flex\">\n<div class=\"wp-block-column is-layout-flow wp-block-column-is-layout-flow\">\n<p class=\"has-text-align-center has-black-color has-text-color has-link-color has-medium-font-size wp-elements-8f1e5341b1eee18e5e4d2673b345b698\">Masz pytania?<br>Zadzwo\u0144 i zapisz si\u0119<br><strong><span style=\"color:#041686\" class=\"has-inline-color\">biuro@odrasailing.pl<\/span><\/strong><\/p>\n\n\n\n<p class=\"has-text-align-center\"><\/p>\n<\/div>\n\n\n\n<div class=\"wp-block-column is-layout-flow wp-block-column-is-layout-flow\">\n<p class=\"has-text-align-center\">Zadzwo\u0144 i zapisz si\u0119<br><strong><span style=\"color:#041686\" class=\"has-inline-color\">+48 668 431 930<\/span><\/strong><\/p>\n<\/div>\n<\/div>\n<\/div><\/div><\/div><\/div><\/div>\n\n\n\n<p><\/p>\n","protected":false},"excerpt":{"rendered":"","protected":false},"author":1,"featured_media":907,"parent":0,"menu_order":0,"comment_status":"closed","ping_status":"closed","template":"","meta":{"footnotes":""},"class_list":["post-858","page","type-page","status-publish","has-post-thumbnail","hentry"],"aioseo_notices":[],"_links":{"self":[{"href":"https:\/\/odrasailing.pl\/index.php?rest_route=\/wp\/v2\/pages\/858","targetHints":{"allow":["GET"]}}],"collection":[{"href":"https:\/\/odrasailing.pl\/index.php?rest_route=\/wp\/v2\/pages"}],"about":[{"href":"https:\/\/odrasailing.pl\/index.php?rest_route=\/wp\/v2\/types\/page"}],"author":[{"embeddable":true,"href":"https:\/\/odrasailing.pl\/index.php?rest_route=\/wp\/v2\/users\/1"}],"replies":[{"embeddable":true,"href":"https:\/\/odrasailing.pl\/index.php?rest_route=%2Fwp%2Fv2%2Fcomments&post=858"}],"version-history":[{"count":15,"href":"https:\/\/odrasailing.pl\/index.php?rest_route=\/wp\/v2\/pages\/858\/revisions"}],"predecessor-version":[{"id":1168,"href":"https:\/\/odrasailing.pl\/index.php?rest_route=\/wp\/v2\/pages\/858\/revisions\/1168"}],"wp:featuredmedia":[{"embeddable":true,"href":"https:\/\/odrasailing.pl\/index.php?rest_route=\/wp\/v2\/media\/907"}],"wp:attachment":[{"href":"https:\/\/odrasailing.pl\/index.php?rest_route=%2Fwp%2Fv2%2Fmedia&parent=858"}],"curies":[{"name":"wp","href":"https:\/\/api.w.org\/{rel}","templated":true}]}}