{"id":235,"date":"2021-07-12T11:15:22","date_gmt":"2021-07-12T11:15:22","guid":{"rendered":"https:\/\/szablon.pawelkepa.pl\/demo1\/?page_id=235"},"modified":"2026-02-03T20:47:04","modified_gmt":"2026-02-03T19:47:04","slug":"uslugi","status":"publish","type":"page","link":"https:\/\/odrasailing.pl\/?page_id=235","title":{"rendered":"Oferujemy"},"content":{"rendered":"\n<div class=\"wp-block-getwid-section alignfull alignfull getwid-section-content-custom-width\"><div class=\"wp-block-getwid-section__wrapper getwid-padding-bottom-none getwid-padding-left-medium getwid-padding-right-medium\" style=\"padding-top:80px\"><div class=\"wp-block-getwid-section__inner-wrapper\" style=\"max-width:1140px\"><div class=\"wp-block-getwid-section__background-holder\"><div class=\"wp-block-getwid-section__background\"><\/div><div class=\"wp-block-getwid-section__foreground\"><\/div><\/div><div class=\"wp-block-getwid-section__content\"><div class=\"wp-block-getwid-section__inner-content\">\n<div class=\"wp-block-columns are-vertically-aligned-top is-layout-flex wp-container-core-columns-is-layout-9d6595d7 wp-block-columns-is-layout-flex\">\n<div class=\"wp-block-column is-vertically-aligned-top is-layout-flow wp-block-column-is-layout-flow\" style=\"flex-basis:33.33%\">\n<figure class=\"wp-block-image size-large roundedimg\"><img loading=\"lazy\" decoding=\"async\" width=\"768\" height=\"1024\" src=\"https:\/\/odrasailing.pl\/wp-content\/uploads\/2025\/01\/P4121439-768x1024.jpg\" alt=\"\" class=\"wp-image-883\" srcset=\"https:\/\/odrasailing.pl\/wp-content\/uploads\/2025\/01\/P4121439-768x1024.jpg 768w, https:\/\/odrasailing.pl\/wp-content\/uploads\/2025\/01\/P4121439-225x300.jpg 225w, https:\/\/odrasailing.pl\/wp-content\/uploads\/2025\/01\/P4121439-1152x1536.jpg 1152w, https:\/\/odrasailing.pl\/wp-content\/uploads\/2025\/01\/P4121439-1536x2048.jpg 1536w, https:\/\/odrasailing.pl\/wp-content\/uploads\/2025\/01\/P4121439-scaled.jpg 1920w\" sizes=\"auto, (max-width: 768px) 100vw, 768px\" \/><\/figure>\n\n\n\n<div style=\"height:60px\" aria-hidden=\"true\" class=\"wp-block-spacer\"><\/div>\n<\/div>\n\n\n\n<div class=\"wp-block-column is-vertically-aligned-top is-layout-flow wp-block-column-is-layout-flow\" style=\"flex-basis:66.66%\">\n<div class=\"wp-block-getwid-advanced-heading\"><span class=\"wp-block-getwid-advanced-heading__content has-text-color\" style=\"color:#041686\"><\/span><\/div>\n\n\n\n<h2 class=\"wp-block-heading has-white-color has-text-color has-link-color wp-elements-c2ddcfb9d02ed2d8487fb1872f6b9f73\">Co mo\u017cemy dla Ciebie zrobi\u0107?<\/h2>\n\n\n\n<p class=\"has-black-color has-text-color has-link-color wp-elements-c9ac2b900a49c838675197256784244e\"><strong>Szkolenia \u017ceglarskie i motorowodne dla pocz\u0105tkuj\u0105cych i zaawansowanych<\/strong>. Nasze<br>kursy prowadzone s\u0105 przez do\u015bwiadczonych instruktor\u00f3w i obejmuj\u0105 zar\u00f3wno teori\u0119,<br>jak i praktyk\u0119 na wodzie.<\/p>\n\n\n\n<p class=\"has-black-color has-text-color has-link-color wp-elements-b435ebcc7a7a1c6c30c20d68352a241f\"><strong>Wycieczki szkolne dla m\u0142odzie\u017cy<\/strong>. Uczestnicy ucz\u0105 si\u0119 podstaw \u017ceglowania, obs\u0142ugi<br>jachtu oraz poznaj\u0105 r\u00f3\u017cne typy \u0142odzi i jacht\u00f3w. Podczas wycieczek k\u0142adziemy du\u017cy<br>nacisk na zasady bezpiecze\u0144stwa, w tym korzystania ze sprz\u0119tu ratunkowego.<\/p>\n\n\n\n<p class=\"has-black-color has-text-color has-link-color wp-elements-af5ce6644f8488a95bffd413c4ea72eb\"><strong>Wyjazdy i spotkania klubowe.<\/strong> Nasze wsp\u00f3lne rejsy to doskona\u0142a okazja do nauki,<br>wymiany do\u015bwiadcze\u0144 i integracji.<\/p>\n\n\n\n<p class=\"has-black-color has-text-color has-link-color wp-elements-0db3bb5d79303a60d6d05805dacf3ae2\">Promocja bezpiecze\u0144stwa na wodzie. Bezpiecze\u0144stwo jest dla nas priorytetem,<br>dlatego organizujemy szkolenia i warsztaty po\u015bwi\u0119cone tej tematyce.<\/p>\n\n\n\n<p class=\"has-black-color has-text-color has-link-color wp-elements-b0bb0a21e4d205c1788d957cee23bfae\">Dzia\u0142alno\u015b\u0107 spo\u0142eczna i edukacyjna. Anga\u017cujemy si\u0119 w projekty edukacyjne i<br>promujemy \u017ceglarstwo w\u015br\u00f3d m\u0142odego pokolenia. Wsp\u00f3\u0142pracujemy z Wroc\u0142awsk\u0105<br>Szko\u0142\u0105 Sport\u00f3w Wodnych Master Jachting.<\/p>\n\n\n\n<div class=\"wp-block-buttons is-layout-flex wp-block-buttons-is-layout-flex\">\n<div class=\"wp-block-button\"><a class=\"wp-block-button__link has-background wp-element-button\" href=\"https:\/\/szablon.pawelkepa.pl\/demo6\/kontakt\/\" style=\"border-radius:1px;background-color:#47cfa9\"><strong>Um\u00f3w <\/strong>si\u0119 na <\/a><\/div>\n<\/div>\n\n\n\n<div style=\"height:60px\" aria-hidden=\"true\" class=\"wp-block-spacer\"><\/div>\n<\/div>\n<\/div>\n<\/div><\/div><\/div><\/div><\/div>\n\n\n\n<div class=\"wp-block-getwid-section getwid-section-content-full-width\"><div class=\"wp-block-getwid-section__wrapper getwid-padding-top-none getwid-padding-bottom-none getwid-padding-left-none getwid-padding-right-none\"><div class=\"wp-block-getwid-section__inner-wrapper\"><div class=\"wp-block-getwid-section__background-holder\"><div class=\"wp-block-getwid-section__background\"><\/div><div class=\"wp-block-getwid-section__foreground\"><\/div><\/div><div class=\"wp-block-getwid-section__content\"><div class=\"wp-block-getwid-section__inner-content\"><\/div><\/div><\/div><\/div><\/div>\n\n\n\n<div class=\"wp-block-getwid-section alignfull treningzywienie alignfull getwid-section-content-custom-width\"><div class=\"wp-block-getwid-section__wrapper getwid-padding-left-medium getwid-padding-right-medium\" style=\"padding-top:80px\"><div class=\"wp-block-getwid-section__inner-wrapper\" style=\"max-width:1140px\"><div class=\"wp-block-getwid-section__background-holder\"><div class=\"wp-block-getwid-section__background has-background\" style=\"background-color:#ecfaf6\"><\/div><div class=\"wp-block-getwid-section__foreground\"><\/div><\/div><div class=\"wp-block-getwid-section__content\"><div class=\"wp-block-getwid-section__inner-content\">\n<div class=\"wp-block-getwid-advanced-heading\" style=\"margin-bottom:0px;margin-top:0px\"><span class=\"wp-block-getwid-advanced-heading__content has-text-color\" style=\"text-align:center;color:#041686\"><strong>Nasze zaj\u0119cia<\/strong><\/span><\/div>\n\n\n\n<div class=\"wp-block-getwid-advanced-heading\" style=\"margin-bottom:30px;margin-top:10px\"><h2 class=\"wp-block-getwid-advanced-heading__content\" style=\"text-align:center\">Wybierz kategori\u0119<\/h2><\/div>\n\n\n\n<div class=\"wp-block-getwid-advanced-spacer\" style=\"height:40px\" aria-hidden=\"true\"><\/div>\n\n\n\n<div class=\"wp-block-columns has-3-columns is-layout-flex wp-container-core-columns-is-layout-9d6595d7 wp-block-columns-is-layout-flex\">\n<div class=\"wp-block-column is-layout-flow wp-block-column-is-layout-flow\"><div class=\"wp-block-image is-resized is-style-rounded\">\n<figure class=\"aligncenter size-large\"><img loading=\"lazy\" decoding=\"async\" width=\"1024\" height=\"739\" src=\"https:\/\/odrasailing.pl\/wp-content\/uploads\/2025\/01\/P4121364-1024x739.jpg\" alt=\"\" class=\"wp-image-829\" style=\"width:191px;height:auto\" srcset=\"https:\/\/odrasailing.pl\/wp-content\/uploads\/2025\/01\/P4121364-1024x739.jpg 1024w, https:\/\/odrasailing.pl\/wp-content\/uploads\/2025\/01\/P4121364-300x216.jpg 300w, https:\/\/odrasailing.pl\/wp-content\/uploads\/2025\/01\/P4121364-768x554.jpg 768w, https:\/\/odrasailing.pl\/wp-content\/uploads\/2025\/01\/P4121364-1536x1108.jpg 1536w, https:\/\/odrasailing.pl\/wp-content\/uploads\/2025\/01\/P4121364-2048x1477.jpg 2048w\" sizes=\"auto, (max-width: 1024px) 100vw, 1024px\" \/><\/figure>\n<\/div>\n\n\n<div class=\"wp-block-getwid-advanced-heading\"><h4 class=\"wp-block-getwid-advanced-heading__content\" style=\"text-align:center\">Zaj\u0119cia dla m\u0142odzie\u017cy<\/h4><\/div>\n\n\n\n<p class=\"has-text-align-center\">Zaj\u0119cia przeznaczone s\u0105 dla m\u0142odzie\u017cy w wieku <strong>12\u201318 lat<\/strong> \u2013 zar\u00f3wno dla pocz\u0105tkuj\u0105cych, jak i tych, kt\u00f3rzy maj\u0105 ju\u017c do\u015bwiadczenie w \u017ceglarstwie.<\/p>\n\n\n\n<div class=\"wp-block-getwid-price-box\"><div class=\"wp-block-getwid-price-box__pricing\"><p class=\"wp-block-getwid-price-box__currency\">PLN<\/p><p class=\"wp-block-getwid-price-box__amount\">500<\/p><p class=\"wp-block-getwid-price-box__period\">\/za miesi\u0105c<\/p><\/div><ul class=\"wp-block-getwid-price-box__features\"><li>teoria na platformie<\/li><li>praktyka na jachtach kabinowych <\/li><li>materia\u0142y do nauki<\/li><li>egzamin<\/li><\/ul>\n<div class=\"wp-block-button\"><a class=\"wp-block-button__link has-background wp-element-button\" style=\"border-radius:1px;background-color:#47cfa9\"><strong>Wybierz<\/strong><\/a><\/div>\n<\/div>\n\n\n\n<div style=\"height:50px\" aria-hidden=\"true\" class=\"wp-block-spacer\"><\/div>\n<\/div>\n\n\n\n<div class=\"wp-block-column is-layout-flow wp-block-column-is-layout-flow\"><div class=\"wp-block-image is-resized is-style-rounded\">\n<figure class=\"aligncenter size-full\"><img decoding=\"async\" src=\"https:\/\/odrasailing.pl\/wp-content\/uploads\/2025\/01\/P5080171-1.jpg\" alt=\"\" class=\"wp-image-890\" style=\"width:204px;height:auto\"\/><\/figure>\n<\/div>\n\n\n<div class=\"wp-block-getwid-advanced-heading\"><h4 class=\"wp-block-getwid-advanced-heading__content\" style=\"text-align:center\">Wycieczki szkolne<\/h4><\/div>\n\n\n\n<p class=\"has-text-align-center\">Zapraszamy szko\u0142y do udzia\u0142u w niezapomnianych wycieczkach \u017ceglarskich, kt\u00f3re \u0142\u0105cz\u0105 nauk\u0119, przygod\u0119 i aktywny wypoczynek na \u015bwie\u017cym powietrzu. To <\/p>\n\n\n\n<div class=\"wp-block-getwid-price-box\"><div class=\"wp-block-getwid-price-box__pricing\"><p class=\"wp-block-getwid-price-box__currency\">PLN<\/p><p class=\"wp-block-getwid-price-box__amount\">150<\/p><p class=\"wp-block-getwid-price-box__period\">\/od osoby<\/p><\/div><ul class=\"wp-block-getwid-price-box__features\"><li>10 godzin teorii<\/li><li>20 godzin praktyki<\/li><li>materia\u0142y do nauki<\/li><li>egzamin<\/li><\/ul>\n<div class=\"wp-block-button\"><a class=\"wp-block-button__link has-background wp-element-button\" style=\"border-radius:1px;background-color:#47cfa9\"><strong>Wybierz<\/strong><\/a><\/div>\n<\/div>\n\n\n\n<div style=\"height:50px\" aria-hidden=\"true\" class=\"wp-block-spacer\"><\/div>\n<\/div>\n\n\n\n<div class=\"wp-block-column is-layout-flow wp-block-column-is-layout-flow\"><div class=\"wp-block-image is-resized is-style-rounded\">\n<figure class=\"aligncenter size-large\"><img loading=\"lazy\" decoding=\"async\" width=\"1024\" height=\"768\" src=\"https:\/\/odrasailing.pl\/wp-content\/uploads\/2025\/01\/masuria-670534_1280-1-1024x768.jpg\" alt=\"\" class=\"wp-image-893\" style=\"width:201px;height:auto\" srcset=\"https:\/\/odrasailing.pl\/wp-content\/uploads\/2025\/01\/masuria-670534_1280-1-1024x768.jpg 1024w, https:\/\/odrasailing.pl\/wp-content\/uploads\/2025\/01\/masuria-670534_1280-1-300x225.jpg 300w, https:\/\/odrasailing.pl\/wp-content\/uploads\/2025\/01\/masuria-670534_1280-1-768x576.jpg 768w, https:\/\/odrasailing.pl\/wp-content\/uploads\/2025\/01\/masuria-670534_1280-1.jpg 1280w\" sizes=\"auto, (max-width: 1024px) 100vw, 1024px\" \/><\/figure>\n<\/div>\n\n\n<div class=\"wp-block-getwid-advanced-heading\"><h4 class=\"wp-block-getwid-advanced-heading__content\" style=\"text-align:center\">Rejsy \u015br\u00f3dl\u0105dowe i morskie<\/h4><\/div>\n\n\n\n<p class=\"has-text-align-center\">Zapraszamy na niezapomniane rejsy \u015br\u00f3dl\u0105dowe i morskie, kt\u00f3re s\u0105 idealnym po\u0142\u0105czeniem przygody, relaksu i nauki \u017ceglarstwa. <\/p>\n\n\n\n<div class=\"wp-block-getwid-price-box\"><div class=\"wp-block-getwid-price-box__pricing\"><p class=\"wp-block-getwid-price-box__currency\">PLN<\/p><p class=\"wp-block-getwid-price-box__amount\">od 2500<\/p><p class=\"wp-block-getwid-price-box__period\">\/od osoby<\/p><\/div><ul class=\"wp-block-getwid-price-box__features\"><li>10 godzin teorii<\/li><li>20 godzin praktyki<\/li><li>materia\u0142y do nauki<\/li><li>egzamin<\/li><\/ul>\n<div class=\"wp-block-button\"><a class=\"wp-block-button__link has-background wp-element-button\" style=\"border-radius:1px;background-color:#47cfa9\"><strong>Wybierz<\/strong><\/a><\/div>\n<\/div>\n\n\n\n<div style=\"height:50px\" aria-hidden=\"true\" class=\"wp-block-spacer\"><\/div>\n<\/div>\n<\/div>\n<\/div><\/div><\/div><\/div><\/div>\n\n\n\n<div class=\"wp-block-getwid-section alignfull getwid-section-content-custom-width\"><div class=\"wp-block-getwid-section__wrapper getwid-padding-top-large getwid-padding-bottom-large getwid-padding-left-medium getwid-padding-right-medium\" style=\"min-height:91vh\"><div class=\"wp-block-getwid-section__inner-wrapper\" style=\"max-width:1382px\"><div class=\"wp-block-getwid-section__background-holder\"><div class=\"wp-block-getwid-section__background\" style=\"background-image:url('https:\/\/odrasailing.pl\/wp-content\/uploads\/2025\/01\/IMG_5289-scaled-e1736879107553.jpeg');background-position:top center\"><div class=\"wp-block-getwid-section__background-image-wrapper\"><img decoding=\"async\" class=\"wp-block-getwid-section__background-image\" src=\"https:\/\/odrasailing.pl\/wp-content\/uploads\/2025\/01\/IMG_5289-scaled-e1736879107553.jpeg\" alt=\"\"\/><\/div><\/div><div class=\"wp-block-getwid-section__foreground\" style=\"opacity:0.65;background-color:#000000\"><\/div><\/div><div class=\"wp-block-getwid-section__content\"><div class=\"wp-block-getwid-section__inner-content\">\n<div class=\"wp-block-getwid-advanced-heading\" style=\"margin-bottom:0px;margin-top:0px\"><span class=\"wp-block-getwid-advanced-heading__content has-text-color\" style=\"text-align:left;color:#ffffff\">Gotowy do jazdy?<\/span><\/div>\n\n\n\n<div class=\"wp-block-getwid-advanced-heading\" style=\"margin-bottom:30px;margin-top:10px\"><h2 class=\"wp-block-getwid-advanced-heading__content has-text-color\" style=\"text-align:left;color:#ffffff\">Ju\u017c teraz zapisz si\u0119<br>na wybrane zaj\u0119cia!<\/h2><\/div>\n\n\n\n<div class=\"wp-block-getwid-advanced-spacer\" style=\"height:40px\" aria-hidden=\"true\"><\/div>\n\n\n\n<div class=\"wp-block-button\"><a class=\"wp-block-button__link has-white-color has-text-color has-background wp-element-button\" href=\"#\" style=\"border-radius:1px;background-color:#47cfa9\"><strong>Skontaktuj si\u0119 z nami<\/strong><\/a><\/div>\n<\/div><\/div><\/div><\/div><\/div>\n\n\n\n<div class=\"wp-block-getwid-section alignfull alignfull getwid-section-content-custom-width\"><div class=\"wp-block-getwid-section__wrapper getwid-padding-left-medium getwid-padding-right-medium\" style=\"padding-top:50px;padding-bottom:0px\"><div class=\"wp-block-getwid-section__inner-wrapper\" style=\"max-width:1140px\"><div class=\"wp-block-getwid-section__background-holder\"><div class=\"wp-block-getwid-section__background has-background\" style=\"background-color:#ecfaf6\"><\/div><div class=\"wp-block-getwid-section__foreground\" style=\"opacity:0;background-color:#000000\"><\/div><\/div><div class=\"wp-block-getwid-section__content\"><div class=\"wp-block-getwid-section__inner-content\">\n<div class=\"wp-block-columns is-layout-flex wp-container-core-columns-is-layout-9d6595d7 wp-block-columns-is-layout-flex\">\n<div class=\"wp-block-column is-layout-flow wp-block-column-is-layout-flow\">\n<p class=\"has-text-align-center\">Masz pytania?<br><strong><span style=\"color:#041686\" class=\"has-inline-color\">biuro@odrasailing.pl<\/span><\/strong><\/p>\n<\/div>\n\n\n\n<div class=\"wp-block-column is-layout-flow wp-block-column-is-layout-flow\">\n<p class=\"has-text-align-center\">Zadzwo\u0144 i zapisz si\u0119<br><strong><span style=\"color:#041686\" class=\"has-inline-color\">+48 668 431 930<\/span><\/strong><\/p>\n<\/div>\n<\/div>\n<\/div><\/div><\/div><\/div><\/div>\n\n\n\n<p><\/p>\n","protected":false},"excerpt":{"rendered":"","protected":false},"author":1,"featured_media":911,"parent":0,"menu_order":0,"comment_status":"closed","ping_status":"closed","template":"","meta":{"footnotes":""},"class_list":["post-235","page","type-page","status-publish","has-post-thumbnail","hentry"],"aioseo_notices":[],"_links":{"self":[{"href":"https:\/\/odrasailing.pl\/index.php?rest_route=\/wp\/v2\/pages\/235","targetHints":{"allow":["GET"]}}],"collection":[{"href":"https:\/\/odrasailing.pl\/index.php?rest_route=\/wp\/v2\/pages"}],"about":[{"href":"https:\/\/odrasailing.pl\/index.php?rest_route=\/wp\/v2\/types\/page"}],"author":[{"embeddable":true,"href":"https:\/\/odrasailing.pl\/index.php?rest_route=\/wp\/v2\/users\/1"}],"replies":[{"embeddable":true,"href":"https:\/\/odrasailing.pl\/index.php?rest_route=%2Fwp%2Fv2%2Fcomments&post=235"}],"version-history":[{"count":9,"href":"https:\/\/odrasailing.pl\/index.php?rest_route=\/wp\/v2\/pages\/235\/revisions"}],"predecessor-version":[{"id":1177,"href":"https:\/\/odrasailing.pl\/index.php?rest_route=\/wp\/v2\/pages\/235\/revisions\/1177"}],"wp:featuredmedia":[{"embeddable":true,"href":"https:\/\/odrasailing.pl\/index.php?rest_route=\/wp\/v2\/media\/911"}],"wp:attachment":[{"href":"https:\/\/odrasailing.pl\/index.php?rest_route=%2Fwp%2Fv2%2Fmedia&parent=235"}],"curies":[{"name":"wp","href":"https:\/\/api.w.org\/{rel}","templated":true}]}}