{"id":113,"date":"2021-07-12T08:51:14","date_gmt":"2021-07-12T08:51:14","guid":{"rendered":"https:\/\/szablon.pawelkepa.pl\/demo1\/?page_id=113"},"modified":"2026-02-03T20:42:17","modified_gmt":"2026-02-03T19:42:17","slug":"galeria-2","status":"publish","type":"page","link":"https:\/\/odrasailing.pl\/?page_id=113","title":{"rendered":"Galeria"},"content":{"rendered":"\n<div class=\"wp-block-getwid-section alignfull alignfull getwid-section-content-custom-width\"><div class=\"wp-block-getwid-section__wrapper getwid-padding-top-large getwid-padding-bottom-large getwid-padding-left-medium getwid-padding-right-medium\"><div class=\"wp-block-getwid-section__inner-wrapper\" style=\"max-width:1140px\"><div class=\"wp-block-getwid-section__background-holder\"><div class=\"wp-block-getwid-section__background\"><\/div><div class=\"wp-block-getwid-section__foreground\"><\/div><\/div><div class=\"wp-block-getwid-section__content\"><div class=\"wp-block-getwid-section__inner-content\">\n<div class=\"wp-block-getwid-tabs has-layout-horizontal-center\" data-active-tab=\"0\"><ul class=\"wp-block-getwid-tabs__nav-links\"><\/ul>\n<div class=\"wp-block-getwid-tabs__nav-link\"><h4 class=\"wp-block-getwid-tabs__title-wrapper\"><a href=\"#\"><span class=\"wp-block-getwid-tabs__title\">Wszystkie zdj\u0119cia<\/span><\/a><\/h4><\/div><div class=\"wp-block-getwid-tabs__tab-content-wrapper\"><div class=\"wp-block-getwid-tabs__tab-content\">\n<figure class=\"wp-block-gallery has-nested-images columns-3 is-cropped wp-block-gallery-1 is-layout-flex wp-block-gallery-is-layout-flex\">\n<figure class=\"wp-block-image size-large\"><a href=\"https:\/\/odrasailing.pl\/wp-content\/uploads\/2025\/01\/P8227271-1-scaled.jpg\"><img decoding=\"async\" data-id=\"797\" src=\"https:\/\/odrasailing.pl\/wp-content\/uploads\/2025\/01\/P8227271-1-1024x768.jpg\" alt=\"\" class=\"wp-image-797\"\/><\/a><\/figure>\n\n\n\n<figure class=\"wp-block-image size-large\"><a href=\"https:\/\/odrasailing.pl\/wp-content\/uploads\/2025\/01\/port-6496782_1920.jpg\"><img loading=\"lazy\" decoding=\"async\" width=\"1024\" height=\"683\" data-id=\"803\" src=\"https:\/\/odrasailing.pl\/wp-content\/uploads\/2025\/01\/port-6496782_1920-1024x683.jpg\" alt=\"\" class=\"wp-image-803\" srcset=\"https:\/\/odrasailing.pl\/wp-content\/uploads\/2025\/01\/port-6496782_1920-1024x683.jpg 1024w, https:\/\/odrasailing.pl\/wp-content\/uploads\/2025\/01\/port-6496782_1920-300x200.jpg 300w, https:\/\/odrasailing.pl\/wp-content\/uploads\/2025\/01\/port-6496782_1920-768x512.jpg 768w, https:\/\/odrasailing.pl\/wp-content\/uploads\/2025\/01\/port-6496782_1920-1536x1024.jpg 1536w, https:\/\/odrasailing.pl\/wp-content\/uploads\/2025\/01\/port-6496782_1920.jpg 1920w\" sizes=\"auto, (max-width: 1024px) 100vw, 1024px\" \/><\/a><\/figure>\n\n\n\n<figure class=\"wp-block-image size-large\"><a href=\"https:\/\/odrasailing.pl\/wp-content\/uploads\/2025\/01\/100_2496-scaled.jpg\"><img loading=\"lazy\" decoding=\"async\" width=\"1024\" height=\"768\" data-id=\"814\" src=\"https:\/\/odrasailing.pl\/wp-content\/uploads\/2025\/01\/100_2496-1024x768.jpg\" alt=\"\" class=\"wp-image-814\" srcset=\"https:\/\/odrasailing.pl\/wp-content\/uploads\/2025\/01\/100_2496-1024x768.jpg 1024w, https:\/\/odrasailing.pl\/wp-content\/uploads\/2025\/01\/100_2496-300x225.jpg 300w, https:\/\/odrasailing.pl\/wp-content\/uploads\/2025\/01\/100_2496-768x576.jpg 768w, https:\/\/odrasailing.pl\/wp-content\/uploads\/2025\/01\/100_2496-1536x1152.jpg 1536w, https:\/\/odrasailing.pl\/wp-content\/uploads\/2025\/01\/100_2496-2048x1536.jpg 2048w\" sizes=\"auto, (max-width: 1024px) 100vw, 1024px\" \/><\/a><\/figure>\n\n\n\n<figure class=\"wp-block-image size-large\"><a href=\"https:\/\/odrasailing.pl\/wp-content\/uploads\/2025\/01\/Zdjecie-WhatsApp-2025-01-09-o-15.22.17_f0a36d28.jpg\"><img loading=\"lazy\" decoding=\"async\" width=\"768\" height=\"1024\" data-id=\"813\" src=\"https:\/\/odrasailing.pl\/wp-content\/uploads\/2025\/01\/Zdjecie-WhatsApp-2025-01-09-o-15.22.17_f0a36d28-768x1024.jpg\" alt=\"\" class=\"wp-image-813\" srcset=\"https:\/\/odrasailing.pl\/wp-content\/uploads\/2025\/01\/Zdjecie-WhatsApp-2025-01-09-o-15.22.17_f0a36d28-768x1024.jpg 768w, https:\/\/odrasailing.pl\/wp-content\/uploads\/2025\/01\/Zdjecie-WhatsApp-2025-01-09-o-15.22.17_f0a36d28-225x300.jpg 225w, https:\/\/odrasailing.pl\/wp-content\/uploads\/2025\/01\/Zdjecie-WhatsApp-2025-01-09-o-15.22.17_f0a36d28.jpg 1080w\" sizes=\"auto, (max-width: 768px) 100vw, 768px\" \/><\/a><\/figure>\n\n\n\n<figure class=\"wp-block-image size-large\"><a href=\"https:\/\/odrasailing.pl\/wp-content\/uploads\/2025\/01\/yacht-4209317_1920.jpg\"><img loading=\"lazy\" decoding=\"async\" width=\"768\" height=\"1024\" data-id=\"807\" src=\"https:\/\/odrasailing.pl\/wp-content\/uploads\/2025\/01\/yacht-4209317_1920-768x1024.jpg\" alt=\"\" class=\"wp-image-807\" srcset=\"https:\/\/odrasailing.pl\/wp-content\/uploads\/2025\/01\/yacht-4209317_1920-768x1024.jpg 768w, https:\/\/odrasailing.pl\/wp-content\/uploads\/2025\/01\/yacht-4209317_1920-225x300.jpg 225w, https:\/\/odrasailing.pl\/wp-content\/uploads\/2025\/01\/yacht-4209317_1920-1152x1536.jpg 1152w, https:\/\/odrasailing.pl\/wp-content\/uploads\/2025\/01\/yacht-4209317_1920.jpg 1440w\" sizes=\"auto, (max-width: 768px) 100vw, 768px\" \/><\/a><\/figure>\n\n\n\n<figure class=\"wp-block-image size-large\"><a href=\"https:\/\/odrasailing.pl\/wp-content\/uploads\/2025\/01\/100_2364-1-scaled.jpg\"><img loading=\"lazy\" decoding=\"async\" width=\"768\" height=\"1024\" data-id=\"809\" src=\"https:\/\/odrasailing.pl\/wp-content\/uploads\/2025\/01\/100_2364-1-768x1024.jpg\" alt=\"\" class=\"wp-image-809\" srcset=\"https:\/\/odrasailing.pl\/wp-content\/uploads\/2025\/01\/100_2364-1-768x1024.jpg 768w, https:\/\/odrasailing.pl\/wp-content\/uploads\/2025\/01\/100_2364-1-225x300.jpg 225w, https:\/\/odrasailing.pl\/wp-content\/uploads\/2025\/01\/100_2364-1-1152x1536.jpg 1152w, https:\/\/odrasailing.pl\/wp-content\/uploads\/2025\/01\/100_2364-1-1536x2048.jpg 1536w, https:\/\/odrasailing.pl\/wp-content\/uploads\/2025\/01\/100_2364-1-scaled.jpg 1920w\" sizes=\"auto, (max-width: 768px) 100vw, 768px\" \/><\/a><\/figure>\n\n\n\n<figure class=\"wp-block-image size-large\"><a href=\"https:\/\/odrasailing.pl\/wp-content\/uploads\/2025\/01\/sailing-1633774_1920.jpg\"><img loading=\"lazy\" decoding=\"async\" width=\"1024\" height=\"683\" data-id=\"810\" src=\"https:\/\/odrasailing.pl\/wp-content\/uploads\/2025\/01\/sailing-1633774_1920-1024x683.jpg\" alt=\"\" class=\"wp-image-810\" srcset=\"https:\/\/odrasailing.pl\/wp-content\/uploads\/2025\/01\/sailing-1633774_1920-1024x683.jpg 1024w, https:\/\/odrasailing.pl\/wp-content\/uploads\/2025\/01\/sailing-1633774_1920-300x200.jpg 300w, https:\/\/odrasailing.pl\/wp-content\/uploads\/2025\/01\/sailing-1633774_1920-768x512.jpg 768w, https:\/\/odrasailing.pl\/wp-content\/uploads\/2025\/01\/sailing-1633774_1920-1536x1024.jpg 1536w, https:\/\/odrasailing.pl\/wp-content\/uploads\/2025\/01\/sailing-1633774_1920.jpg 1920w\" sizes=\"auto, (max-width: 1024px) 100vw, 1024px\" \/><\/a><\/figure>\n\n\n\n<figure class=\"wp-block-image size-large\"><a href=\"https:\/\/odrasailing.pl\/wp-content\/uploads\/2025\/01\/wilkasy-83154_1280.jpg\"><img loading=\"lazy\" decoding=\"async\" width=\"1024\" height=\"669\" data-id=\"811\" src=\"https:\/\/odrasailing.pl\/wp-content\/uploads\/2025\/01\/wilkasy-83154_1280-1024x669.jpg\" alt=\"\" class=\"wp-image-811\" srcset=\"https:\/\/odrasailing.pl\/wp-content\/uploads\/2025\/01\/wilkasy-83154_1280-1024x669.jpg 1024w, https:\/\/odrasailing.pl\/wp-content\/uploads\/2025\/01\/wilkasy-83154_1280-300x196.jpg 300w, https:\/\/odrasailing.pl\/wp-content\/uploads\/2025\/01\/wilkasy-83154_1280-768x502.jpg 768w, https:\/\/odrasailing.pl\/wp-content\/uploads\/2025\/01\/wilkasy-83154_1280.jpg 1280w\" sizes=\"auto, (max-width: 1024px) 100vw, 1024px\" \/><\/a><\/figure>\n\n\n\n<figure class=\"wp-block-image size-large\"><a href=\"https:\/\/odrasailing.pl\/wp-content\/uploads\/2025\/01\/masuria-670534_1280.jpg\"><img loading=\"lazy\" decoding=\"async\" width=\"1024\" height=\"768\" data-id=\"812\" src=\"https:\/\/odrasailing.pl\/wp-content\/uploads\/2025\/01\/masuria-670534_1280-1024x768.jpg\" alt=\"\" class=\"wp-image-812\" srcset=\"https:\/\/odrasailing.pl\/wp-content\/uploads\/2025\/01\/masuria-670534_1280-1024x768.jpg 1024w, https:\/\/odrasailing.pl\/wp-content\/uploads\/2025\/01\/masuria-670534_1280-300x225.jpg 300w, https:\/\/odrasailing.pl\/wp-content\/uploads\/2025\/01\/masuria-670534_1280-768x576.jpg 768w, https:\/\/odrasailing.pl\/wp-content\/uploads\/2025\/01\/masuria-670534_1280.jpg 1280w\" sizes=\"auto, (max-width: 1024px) 100vw, 1024px\" \/><\/a><\/figure>\n<\/figure>\n<\/div><\/div>\n\n\n\n<div class=\"wp-block-getwid-tabs__nav-link\"><h4 class=\"wp-block-getwid-tabs__title-wrapper\"><a href=\"#\"><span class=\"wp-block-getwid-tabs__title\">Nasze jachty<\/span><\/a><\/h4><\/div><div class=\"wp-block-getwid-tabs__tab-content-wrapper\"><div class=\"wp-block-getwid-tabs__tab-content\">\n<figure class=\"wp-block-gallery has-nested-images columns-3 is-cropped wp-block-gallery-2 is-layout-flex wp-block-gallery-is-layout-flex\">\n<figure class=\"wp-block-image size-large\"><a href=\"https:\/\/odrasailing.pl\/wp-content\/uploads\/2025\/01\/IMG_2993-1-scaled.jpeg\"><img loading=\"lazy\" decoding=\"async\" width=\"1024\" height=\"768\" data-id=\"817\" src=\"https:\/\/odrasailing.pl\/wp-content\/uploads\/2025\/01\/IMG_2993-1-1024x768.jpeg\" alt=\"\" class=\"wp-image-817\" srcset=\"https:\/\/odrasailing.pl\/wp-content\/uploads\/2025\/01\/IMG_2993-1-1024x768.jpeg 1024w, https:\/\/odrasailing.pl\/wp-content\/uploads\/2025\/01\/IMG_2993-1-300x225.jpeg 300w, https:\/\/odrasailing.pl\/wp-content\/uploads\/2025\/01\/IMG_2993-1-768x576.jpeg 768w, https:\/\/odrasailing.pl\/wp-content\/uploads\/2025\/01\/IMG_2993-1-1536x1152.jpeg 1536w, https:\/\/odrasailing.pl\/wp-content\/uploads\/2025\/01\/IMG_2993-1-2048x1536.jpeg 2048w\" sizes=\"auto, (max-width: 1024px) 100vw, 1024px\" \/><\/a><\/figure>\n\n\n\n<figure class=\"wp-block-image size-large\"><a href=\"https:\/\/odrasailing.pl\/wp-content\/uploads\/2025\/01\/P5080174-scaled.jpg\"><img decoding=\"async\" data-id=\"818\" src=\"https:\/\/odrasailing.pl\/wp-content\/uploads\/2025\/01\/P5080174-1024x768.jpg\" alt=\"\" class=\"wp-image-818\"\/><\/a><\/figure>\n\n\n\n<figure class=\"wp-block-image size-large\"><a href=\"https:\/\/odrasailing.pl\/wp-content\/uploads\/2025\/01\/P7055759-scaled.jpg\"><img loading=\"lazy\" decoding=\"async\" width=\"1024\" height=\"768\" data-id=\"819\" src=\"https:\/\/odrasailing.pl\/wp-content\/uploads\/2025\/01\/P7055759-1024x768.jpg\" alt=\"\" class=\"wp-image-819\" srcset=\"https:\/\/odrasailing.pl\/wp-content\/uploads\/2025\/01\/P7055759-1024x768.jpg 1024w, https:\/\/odrasailing.pl\/wp-content\/uploads\/2025\/01\/P7055759-300x225.jpg 300w, https:\/\/odrasailing.pl\/wp-content\/uploads\/2025\/01\/P7055759-768x576.jpg 768w, https:\/\/odrasailing.pl\/wp-content\/uploads\/2025\/01\/P7055759-1536x1152.jpg 1536w, https:\/\/odrasailing.pl\/wp-content\/uploads\/2025\/01\/P7055759-2048x1536.jpg 2048w\" sizes=\"auto, (max-width: 1024px) 100vw, 1024px\" \/><\/a><\/figure>\n<\/figure>\n<\/div><\/div>\n<\/div>\n<\/div><\/div><\/div><\/div><\/div>\n\n\n\n<div class=\"wp-block-getwid-section alignfull getwid-section-content-custom-width\"><div class=\"wp-block-getwid-section__wrapper getwid-padding-top-large getwid-padding-bottom-large getwid-padding-left-medium getwid-padding-right-medium getwid-align-items-flex-start\" style=\"min-height:70vh\"><div class=\"wp-block-getwid-section__inner-wrapper\" style=\"max-width:1140px\"><div class=\"wp-block-getwid-section__background-holder\"><div class=\"wp-block-getwid-section__background\" style=\"background-image:url('https:\/\/odrasailing.pl\/wp-content\/uploads\/2025\/01\/IMG_2993-scaled-e1736855789246.jpeg');background-position:top center\"><div class=\"wp-block-getwid-section__background-image-wrapper\"><img decoding=\"async\" class=\"wp-block-getwid-section__background-image\" src=\"https:\/\/odrasailing.pl\/wp-content\/uploads\/2025\/01\/IMG_2993-scaled-e1736855789246.jpeg\" alt=\"\"\/><\/div><\/div><div class=\"wp-block-getwid-section__foreground\" style=\"opacity:0.65;background-color:#000000\"><\/div><\/div><div class=\"wp-block-getwid-section__content\"><div class=\"wp-block-getwid-section__inner-content\">\n<div class=\"wp-block-getwid-advanced-heading\" style=\"margin-bottom:0px;margin-top:0px\"><span class=\"wp-block-getwid-advanced-heading__content has-text-color\" style=\"text-align:left;color:#ffffff\">Gotowy ?<\/span><\/div>\n\n\n\n<div class=\"wp-block-getwid-advanced-heading\" style=\"margin-bottom:30px;margin-top:10px\"><h2 class=\"wp-block-getwid-advanced-heading__content has-text-color\" style=\"text-align:left;color:#ffffff\">Ju\u017c teraz zapisz si\u0119<br>na zaj\u0119cia!<\/h2><\/div>\n\n\n\n<div class=\"wp-block-getwid-advanced-spacer\" style=\"height:20px\" aria-hidden=\"true\"><\/div>\n\n\n\n<div class=\"wp-block-button\"><a class=\"wp-block-button__link has-white-color has-text-color has-background wp-element-button\" href=\"#\" style=\"border-radius:1px;background-color:#47cfa9\"><strong>Skontaktuj si\u0119 z nami<\/strong><\/a><\/div>\n<\/div><\/div><\/div><\/div><\/div>\n\n\n\n<div class=\"wp-block-getwid-section alignfull alignfull getwid-section-content-custom-width\"><div class=\"wp-block-getwid-section__wrapper getwid-padding-left-medium getwid-padding-right-medium\" style=\"padding-top:50px;padding-bottom:0px\"><div class=\"wp-block-getwid-section__inner-wrapper\" style=\"max-width:1140px\"><div class=\"wp-block-getwid-section__background-holder\"><div class=\"wp-block-getwid-section__background has-background\" style=\"background-color:#ecfaf6\"><\/div><div class=\"wp-block-getwid-section__foreground\" style=\"opacity:0;background-color:#000000\"><\/div><\/div><div class=\"wp-block-getwid-section__content\"><div class=\"wp-block-getwid-section__inner-content\">\n<div class=\"wp-block-columns is-layout-flex wp-container-core-columns-is-layout-9d6595d7 wp-block-columns-is-layout-flex\">\n<div class=\"wp-block-column is-layout-flow wp-block-column-is-layout-flow\">\n<p class=\"has-text-align-center\">Masz pytania?<br><strong><span style=\"color:#041686\" class=\"has-inline-color\">biuro@odrasailing.pl<\/span><\/strong><\/p>\n<\/div>\n\n\n\n<div class=\"wp-block-column is-layout-flow wp-block-column-is-layout-flow\">\n<p class=\"has-text-align-center\">Zadzwo\u0144 i zapisz si\u0119<br><strong><span style=\"color:#041686\" class=\"has-inline-color\">+48 668 431 930 <\/span><\/strong><\/p>\n<\/div>\n<\/div>\n<\/div><\/div><\/div><\/div><\/div>\n\n\n\n<p><\/p>\n","protected":false},"excerpt":{"rendered":"","protected":false},"author":1,"featured_media":911,"parent":0,"menu_order":0,"comment_status":"closed","ping_status":"closed","template":"","meta":{"footnotes":""},"class_list":["post-113","page","type-page","status-publish","has-post-thumbnail","hentry"],"aioseo_notices":[],"_links":{"self":[{"href":"https:\/\/odrasailing.pl\/index.php?rest_route=\/wp\/v2\/pages\/113","targetHints":{"allow":["GET"]}}],"collection":[{"href":"https:\/\/odrasailing.pl\/index.php?rest_route=\/wp\/v2\/pages"}],"about":[{"href":"https:\/\/odrasailing.pl\/index.php?rest_route=\/wp\/v2\/types\/page"}],"author":[{"embeddable":true,"href":"https:\/\/odrasailing.pl\/index.php?rest_route=\/wp\/v2\/users\/1"}],"replies":[{"embeddable":true,"href":"https:\/\/odrasailing.pl\/index.php?rest_route=%2Fwp%2Fv2%2Fcomments&post=113"}],"version-history":[{"count":6,"href":"https:\/\/odrasailing.pl\/index.php?rest_route=\/wp\/v2\/pages\/113\/revisions"}],"predecessor-version":[{"id":1175,"href":"https:\/\/odrasailing.pl\/index.php?rest_route=\/wp\/v2\/pages\/113\/revisions\/1175"}],"wp:featuredmedia":[{"embeddable":true,"href":"https:\/\/odrasailing.pl\/index.php?rest_route=\/wp\/v2\/media\/911"}],"wp:attachment":[{"href":"https:\/\/odrasailing.pl\/index.php?rest_route=%2Fwp%2Fv2%2Fmedia&parent=113"}],"curies":[{"name":"wp","href":"https:\/\/api.w.org\/{rel}","templated":true}]}}