{"id":1117,"date":"2025-05-06T09:44:25","date_gmt":"2025-05-06T07:44:25","guid":{"rendered":"https:\/\/odrasailing.pl\/?page_id=1117"},"modified":"2026-02-03T21:22:10","modified_gmt":"2026-02-03T20:22:10","slug":"materialy-klubowe","status":"publish","type":"page","link":"https:\/\/odrasailing.pl\/?page_id=1117","title":{"rendered":"Materia\u0142y Klubowe"},"content":{"rendered":"\n<p><\/p>\n\n\n\n<p><\/p>\n\n\n\n<p class=\"has-black-color has-text-color has-link-color wp-elements-11f631556e532134af17959cf5cc7bc7\">Wszystkie niezb\u0119dne dokumenty zwi\u0105zane z dzia\u0142alno\u015bci\u0105 naszego klubu. Zach\u0119camy do regularnego zagl\u0105dania<\/p>\n\n\n\n<p class=\"has-black-color has-text-color has-link-color wp-elements-5a263b2e6a8c02e6110015ab33203f6f\">Do pobrania udost\u0119pniamy m.in.:<\/p>\n\n\n\n<ul class=\"wp-block-list\">\n<li class=\"has-black-color has-text-color has-link-color wp-elements-b1c1a8d18e8582b982b8408e75c8c6f6\">deklaracje cz\u0142onkowskie,<\/li>\n\n\n\n<li class=\"has-black-color has-text-color has-link-color wp-elements-7c6bd328412e6881ef3ef5286e2de8b7\">regulaminy,<\/li>\n\n\n\n<li class=\"has-black-color has-text-color has-link-color wp-elements-f631187e49eb528b257e92c1147afb45\">wysoko\u015b\u0107 sk\u0142adek Odra Sailing 2026,<\/li>\n<\/ul>\n\n\n\n<p class=\"has-black-color has-text-color has-link-color wp-elements-4b8549b9d7bb54c0790cbfed368b0fca\">\ud83d\udccc Wszystkie pliki s\u0105 dost\u0119pne w formacie PDF. W razie problem\u00f3w z pobraniem lub pytaniami \u2013 prosimy o kontakt mailowy lub telefoniczny.<\/p>\n\n\n\n<details class=\"wp-block-details is-layout-flow wp-block-details-is-layout-flow\"><summary>Wysoko\u015b\u0107 sk\u0142adek Klubu Odra Sailing 2026<\/summary>\n<div data-wp-interactive=\"core\/file\" class=\"wp-block-file\"><object data-wp-bind--hidden=\"!state.hasPdfPreview\" hidden class=\"wp-block-file__embed\" data=\"https:\/\/odrasailing.pl\/wp-content\/uploads\/2025\/05\/skladki-klubowe.pdf\" type=\"application\/pdf\" style=\"width:100%;height:600px\" aria-label=\"Osadzone z sk\u0142adki klubowe.\"><\/object><a id=\"wp-block-file--media-fb087d48-323c-41e3-a722-b1030df37d6b\" href=\"https:\/\/odrasailing.pl\/wp-content\/uploads\/2025\/05\/skladki-klubowe.pdf\">sk\u0142adki klubowe<\/a><a href=\"https:\/\/odrasailing.pl\/wp-content\/uploads\/2025\/05\/skladki-klubowe.pdf\" class=\"wp-block-file__button wp-element-button\" download aria-describedby=\"wp-block-file--media-fb087d48-323c-41e3-a722-b1030df37d6b\">Pobierz<\/a><\/div>\n<\/details>\n\n\n\n<div class=\"wp-block-buttons is-layout-flex wp-block-buttons-is-layout-flex\"><\/div>\n\n\n\n<details class=\"wp-block-details is-layout-flow wp-block-details-is-layout-flow\"><summary>Deklaracja cz\u0142onkowska<\/summary>\n<p><\/p>\n\n\n\n<div data-wp-interactive=\"core\/file\" class=\"wp-block-file\"><object data-wp-bind--hidden=\"!state.hasPdfPreview\" hidden class=\"wp-block-file__embed\" data=\"https:\/\/odrasailing.pl\/wp-content\/uploads\/2025\/05\/DEKALRACJA-CZLONKOWSKA-KLUBU-ODRA-SAILING-2.pdf\" type=\"application\/pdf\" style=\"width:100%;height:600px\" aria-label=\"Osadzone z DEKALRACJA CZ\u0141ONKOWSKA KLUBU ODRA SAILING.\"><\/object><a id=\"wp-block-file--media-ef196b7f-096f-42b7-beef-09dd584a2099\" href=\"https:\/\/odrasailing.pl\/wp-content\/uploads\/2025\/05\/DEKALRACJA-CZLONKOWSKA-KLUBU-ODRA-SAILING-2.pdf\">DEKALRACJA CZ\u0141ONKOWSKA KLUBU ODRA SAILING<\/a><a href=\"https:\/\/odrasailing.pl\/wp-content\/uploads\/2025\/05\/DEKALRACJA-CZLONKOWSKA-KLUBU-ODRA-SAILING-2.pdf\" class=\"wp-block-file__button wp-element-button\" download aria-describedby=\"wp-block-file--media-ef196b7f-096f-42b7-beef-09dd584a2099\">Pobierz<\/a><\/div>\n<\/details>\n","protected":false},"excerpt":{"rendered":"<p>Wszystkie niezb\u0119dne dokumenty zwi\u0105zane z dzia\u0142alno\u015bci\u0105 naszego klubu. Zach\u0119camy do regularnego zagl\u0105dania Do pobrania udost\u0119pniamy m.in.: \ud83d\udccc Wszystkie pliki s\u0105 [&hellip;]<\/p>\n","protected":false},"author":1,"featured_media":1122,"parent":0,"menu_order":0,"comment_status":"closed","ping_status":"closed","template":"","meta":{"footnotes":""},"class_list":["post-1117","page","type-page","status-publish","has-post-thumbnail","hentry"],"aioseo_notices":[],"_links":{"self":[{"href":"https:\/\/odrasailing.pl\/index.php?rest_route=\/wp\/v2\/pages\/1117","targetHints":{"allow":["GET"]}}],"collection":[{"href":"https:\/\/odrasailing.pl\/index.php?rest_route=\/wp\/v2\/pages"}],"about":[{"href":"https:\/\/odrasailing.pl\/index.php?rest_route=\/wp\/v2\/types\/page"}],"author":[{"embeddable":true,"href":"https:\/\/odrasailing.pl\/index.php?rest_route=\/wp\/v2\/users\/1"}],"replies":[{"embeddable":true,"href":"https:\/\/odrasailing.pl\/index.php?rest_route=%2Fwp%2Fv2%2Fcomments&post=1117"}],"version-history":[{"count":10,"href":"https:\/\/odrasailing.pl\/index.php?rest_route=\/wp\/v2\/pages\/1117\/revisions"}],"predecessor-version":[{"id":1202,"href":"https:\/\/odrasailing.pl\/index.php?rest_route=\/wp\/v2\/pages\/1117\/revisions\/1202"}],"wp:featuredmedia":[{"embeddable":true,"href":"https:\/\/odrasailing.pl\/index.php?rest_route=\/wp\/v2\/media\/1122"}],"wp:attachment":[{"href":"https:\/\/odrasailing.pl\/index.php?rest_route=%2Fwp%2Fv2%2Fmedia&parent=1117"}],"curies":[{"name":"wp","href":"https:\/\/api.w.org\/{rel}","templated":true}]}}